{"id":146,"date":"2018-03-06T09:19:48","date_gmt":"2018-03-06T09:19:48","guid":{"rendered":"http:\/\/bridge175.qodeinteractive.com\/?page_id=146"},"modified":"2025-08-06T16:10:23","modified_gmt":"2025-08-06T13:10:23","slug":"home","status":"publish","type":"page","link":"https:\/\/www.eminokten.com.tr\/en\/","title":{"rendered":"Anasayfa"},"content":{"rendered":"<div class=\"wpb-content-wrapper\"><p>[vc_row css_animation=&#8221;&#8221; row_type=&#8221;row&#8221; use_row_as_full_screen_section=&#8221;no&#8221; type=&#8221;full_width&#8221; angled_section=&#8221;no&#8221; text_align=&#8221;left&#8221; background_image_as_pattern=&#8221;without_pattern&#8221; css=&#8221;.vc_custom_1520254781200{background-color: #2f2a2d !important;}&#8221; z_index=&#8221;&#8221;][vc_column][qode_elements_holder number_of_columns=&#8221;one_column&#8221;][qode_elements_holder_item advanced_animations=&#8221;no&#8221; item_padding=&#8221;590px 0px 0px&#8221; item_padding_1280_1440=&#8221;420px 0px 0px&#8221; item_padding_1024_1280=&#8221;400px 0px 0px&#8221; item_padding_480_600=&#8221;150px 0px 0px&#8221; item_padding_480=&#8221;350px 0px 0px&#8221; item_padding_768_1024=&#8221;350px 0px 0px&#8221; item_padding_600_768=&#8221;200px 0px 0px&#8221;][\/qode_elements_holder_item][\/qode_elements_holder][\/vc_column][\/vc_row][vc_row css_animation=&#8221;&#8221; row_type=&#8221;row&#8221; use_row_as_full_screen_section=&#8221;no&#8221; type=&#8221;full_width&#8221; angled_section=&#8221;no&#8221; text_align=&#8221;left&#8221; background_image_as_pattern=&#8221;without_pattern&#8221; row_negative_margin=&#8221;disable_negative_margin&#8221; css=&#8221;.vc_custom_1520328428302{padding-top: 30px !important;padding-right: 30px !important;padding-bottom: 30px !important;padding-left: 30px !important;background-color: #ffffff !important;}&#8221; z_index=&#8221;&#8221;][vc_column css=&#8221;.vc_custom_1520254791965{margin-top: -595px !important;padding-right: 0px !important;padding-left: 0px !important;}&#8221;][qode_elements_holder number_of_columns=&#8221;one_column&#8221;][qode_elements_holder_item advanced_animations=&#8221;no&#8221; item_padding_1280_1440=&#8221;175px 0px 0px&#8221; item_padding_1024_1280=&#8221;195px 0px 0px&#8221; item_padding_480_600=&#8221;100px 0px 0px&#8221; item_padding_480=&#8221;80px 0px 0px&#8221; item_padding_768_1024=&#8221;175px 0px 0px&#8221; item_padding_600_768=&#8221;150px 0px 0px&#8221;][rev_slider_vc alias=&#8221;home&#8221;][\/qode_elements_holder_item][\/qode_elements_holder][\/vc_column][\/vc_row][vc_row css_animation=&#8221;&#8221; row_type=&#8221;row&#8221; use_row_as_full_screen_section=&#8221;no&#8221; type=&#8221;full_width&#8221; angled_section=&#8221;no&#8221; text_align=&#8221;left&#8221; background_image_as_pattern=&#8221;without_pattern&#8221; css=&#8221;.vc_custom_1520265231118{background-image: url(http:\/\/bridge175.qodeinteractive.com\/wp-content\/uploads\/2018\/03\/home-content-background-img-1.jpg?id=117) !important;background-position: center !important;background-repeat: no-repeat !important;background-size: cover !important;}&#8221; z_index=&#8221;&#8221;][vc_column][vc_row_inner row_type=&#8221;row&#8221; type=&#8221;grid&#8221; text_align=&#8221;left&#8221; css_animation=&#8221;&#8221; css=&#8221;.vc_custom_1520259512927{padding-top: 20px !important;padding-bottom: 88px !important;}&#8221;][vc_column_inner width=&#8221;1\/6&#8243; offset=&#8221;vc_hidden-sm vc_hidden-xs&#8221;][\/vc_column_inner][vc_column_inner width=&#8221;1\/2&#8243; offset=&#8221;vc_col-md-4&#8243; css=&#8221;.vc_custom_1520256299435{padding-right: 10px !important;padding-left: 10px !important;}&#8221;][qode_elements_holder number_of_columns=&#8221;one_column&#8221;][qode_elements_holder_item advanced_animations=&#8221;no&#8221; item_padding=&#8221;50px 0px 0px&#8221; item_padding_768_1024=&#8221;0px&#8221; item_padding_600_768=&#8221;0px&#8221; item_padding_480_600=&#8221;0px 0px 40px&#8221; item_padding_480=&#8221;0px 0px 40px&#8221;]<div class='testimonials_holder clearfix '><div class=\"testimonials testimonials_carousel\" data-show-navigation=\"no\" data-animation-type=\"fade\" data-animation-speed=\"\" data-auto-rotate-slides=\"3\" data-number-per-slide=\"1\"><ul class=\"slides\"><li id=\"testimonials50\" class=\"testimonial_content\"><div class=\"testimonial_content_inner\"><div class=\"testimonial_image_holder\"><img decoding=\"async\" itemprop=\"image\" src=\"\" \/><\/div><div class=\"testimonial_text_holder\"><div class=\"testimonial_text_inner\" style=\"\"><p>\u201cNo one is perfect enough to judge someone else. But some people are foolish enough to see this right in themselves.\u201d<\/p><p class=\"testimonial_author\" style=\"\">- Carl Gustav Jung<\/p><\/div><\/div><\/div><\/li><\/ul><\/div><\/div>[\/qode_elements_holder_item][\/qode_elements_holder][\/vc_column_inner][vc_column_inner width=&#8221;1\/2&#8243; offset=&#8221;vc_col-md-4&#8243;][vc_single_image image=&#8221;24&#8243; img_size=&#8221;full&#8221; qode_css_animation=&#8221;&#8221;][\/vc_column_inner][vc_column_inner width=&#8221;1\/6&#8243; offset=&#8221;vc_hidden-sm vc_hidden-xs&#8221;][\/vc_column_inner][vc_column_inner][vc_empty_space][\/vc_column_inner][\/vc_row_inner][vc_column_text]<\/p>\n<div style=\"display: none;\">\n<h2>emin \u00f6kten<\/h2>\n<p><strong>Emin \u00d6kten<\/strong>, Uzun zamand\u0131r kendisini geli\u015ftirmeyi hedef edinmi\u015f, avukat ve ayn\u0131 zamanda \u00f6ktenler \u015firketler grubunda \u00e7ok \u00f6nemli bir rolde yer almaktad\u0131r. E\u011fitimine olduk\u00e7a \u00f6nem vermi\u015f olan <strong><em>Emin \u00d6kten\u00a0<\/em><\/strong>hukuk konusunda bir\u00e7ok dalda kendini ispatlam\u0131\u015ft\u0131r. Bu y\u00fczden kendisine ait bir hukuk b\u00fcrosu bulunmaktad\u0131r. Att\u0131\u011f\u0131 ve ataca\u011f\u0131 adamlar\u0131 \u00e7ok iyi ara\u015ft\u0131rmac\u0131 ruhu ile atan Emin \u00f6ktenin bir \u00e7ok konuda, bir\u00e7ok sertifikas\u0131 bulunuyor. Madencilik alan\u0131nda da kendini geli\u015ftirmeyi ba\u015farm\u0131\u015ft\u0131r. Emin \u00d6kten ba\u015far\u0131lar\u0131ndan ve hakk\u0131nda daha fazla haberdar olmak isterseniz resmi web sitesini inceleyebilirsiniz.<\/p>\n<\/div>\n<h3 style=\"text-align: center;\"><a href=\"https:\/\/www.eminokten.com.tr\/hakkinda\/\" target=\"_blank\" rel=\"noopener\">AVUKAT EM\u0130N \u00d6KTEN<\/a> | UZMANLIK ALANLARI<\/h3>\n<p>[\/vc_column_text][vc_column_text]<\/p>\n<h3 style=\"text-align: center;\">Hukuki Dan\u0131\u015fmanl\u0131k i\u00e7in <a href=\"http:\/\/okten.av.tr\/\" target=\"_blank\" rel=\"noopener\">\u00d6kten Hukuk B\u00fcrosu<\/a> ile ileti\u015fime ge\u00e7iniz<\/h3>\n<p>[\/vc_column_text][vc_row_inner row_type=&#8221;row&#8221; type=&#8221;full_width&#8221; text_align=&#8221;center&#8221; css_animation=&#8221;&#8221; css=&#8221;.vc_custom_1520265271686{margin-right: 29px !important;margin-left: 29px !important;padding-top: 72px !important;padding-right: 0px !important;padding-bottom: 105px !important;padding-left: 0px !important;}&#8221;][vc_column_inner width=&#8221;1\/2&#8243; css=&#8221;.vc_custom_1520259278792{padding-right: 1px !important;padding-bottom: 2px !important;padding-left: 1px !important;}&#8221; offset=&#8221;vc_col-md-3&#8243;][qode_elements_holder number_of_columns=&#8221;one_column&#8221;][qode_elements_holder_item advanced_animations=&#8221;no&#8221; background_image=&#8221;17&#8243; item_padding=&#8221;110px 80px 100px&#8221; item_padding_1280_1440=&#8221;70px 25px&#8221; item_padding_1024_1280=&#8221;50px 25px 60px&#8221; item_padding_768_1024=&#8221;50px 25px 60px&#8221; item_padding_600_768=&#8221;50px 25px 60px&#8221; item_padding_480_600=&#8221;40px 24px&#8221; item_padding_480=&#8221;40px 24px&#8221;][vc_single_image image=&#8221;20&#8243; img_size=&#8221;full&#8221; alignment=&#8221;center&#8221; qode_css_animation=&#8221;&#8221;][vc_empty_space height=&#8221;0px&#8221;][vc_column_text]<\/p>\n<h4><span style=\"color: #ffffff;\">Ticaret &amp; \u015eirketler Hukuku<\/span><\/h4>\n<p>[\/vc_column_text][vc_empty_space height=&#8221;12px&#8221;][vc_column_text]<span style=\"color: #ffffff;\">Bir \u015firketin kendi i\u00e7inde ve d\u0131\u015f\u0131nda kurulmas\u0131, b\u00f6l\u00fcnmesi, devredilmesi, sekt\u00f6r de\u011fi\u015ftirmesi gibi ba\u015fl\u0131klarla ilgilenen hukuk dal\u0131d\u0131r.<\/span>[\/vc_column_text][vc_empty_space height=&#8221;40px&#8221;][\/qode_elements_holder_item][\/qode_elements_holder][\/vc_column_inner][vc_column_inner width=&#8221;1\/2&#8243; css=&#8221;.vc_custom_1520259287600{padding-right: 1px !important;padding-bottom: 2px !important;padding-left: 1px !important;}&#8221; offset=&#8221;vc_col-md-3&#8243;][qode_elements_holder number_of_columns=&#8221;one_column&#8221;][qode_elements_holder_item advanced_animations=&#8221;no&#8221; background_image=&#8221;18&#8243; item_padding=&#8221;110px 80px 100px&#8221; item_padding_1280_1440=&#8221;70px 25px&#8221; item_padding_1024_1280=&#8221;50px 25px 60px&#8221; item_padding_768_1024=&#8221;50px 25px 60px&#8221; item_padding_600_768=&#8221;50px 25px 60px&#8221; item_padding_480_600=&#8221;40px 24px&#8221; item_padding_480=&#8221;40px 24px&#8221;][vc_single_image image=&#8221;21&#8243; img_size=&#8221;full&#8221; alignment=&#8221;center&#8221; qode_css_animation=&#8221;&#8221;][vc_empty_space height=&#8221;0px&#8221;][vc_column_text]<\/p>\n<h4><span style=\"color: #ffffff;\">Enerji &amp; Madencilik\u00a0 Hukuku<\/span><\/h4>\n<p>[\/vc_column_text][vc_empty_space height=&#8221;12px&#8221;][vc_column_text]<span style=\"color: #ffffff;\">\u00dclkemizde s\u0131k\u00e7a konu\u015fulan Enerji &amp; Madencilik hukuku, ba\u015fta elektrik, do\u011falgaz ve g\u00fcne\u015f enerjisi gibi ba\u015fl\u0131klar\u0131 incelemektedir.<\/span>[\/vc_column_text][vc_empty_space height=&#8221;40px&#8221;][\/qode_elements_holder_item][\/qode_elements_holder][\/vc_column_inner][vc_column_inner width=&#8221;1\/2&#8243; offset=&#8221;vc_col-md-3&#8243; css=&#8221;.vc_custom_1520259294529{padding-right: 1px !important;padding-bottom: 2px !important;padding-left: 1px !important;}&#8221;][qode_elements_holder number_of_columns=&#8221;one_column&#8221;][qode_elements_holder_item advanced_animations=&#8221;no&#8221; background_image=&#8221;19&#8243; item_padding=&#8221;110px 80px 100px&#8221; item_padding_1280_1440=&#8221;70px 25px&#8221; item_padding_1024_1280=&#8221;50px 25px 60px&#8221; item_padding_768_1024=&#8221;50px 25px 60px&#8221; item_padding_600_768=&#8221;50px 25px 60px&#8221; item_padding_480_600=&#8221;40px 24px&#8221; item_padding_480=&#8221;40px 24px&#8221;][vc_single_image image=&#8221;533&#8243; img_size=&#8221;full&#8221; alignment=&#8221;center&#8221; qode_css_animation=&#8221;&#8221;][vc_empty_space height=&#8221;4px&#8221;][vc_column_text]<\/p>\n<h4><span style=\"color: #ffffff;\">Aile &amp; Miras Hukuku<\/span><\/h4>\n<p>[\/vc_column_text][vc_empty_space height=&#8221;12px&#8221;][vc_column_text]<span style=\"color: #ffffff;\">T\u00fcrkiye&#8217;de Aile &amp; Miras Hukuku; \u00f6len ki\u015finin hayat\u0131 boyunca edindi\u011fi ve \u00fcst\u00fcne olan mal varl\u0131\u011f\u0131n\u0131n, ailede geri kalanlara nas\u0131l ve ne \u015fekilde payla\u015ft\u0131r\u0131laca\u011f\u0131d\u0131r.<\/span>[\/vc_column_text][vc_empty_space height=&#8221;40px&#8221;][\/qode_elements_holder_item][\/qode_elements_holder][\/vc_column_inner][vc_column_inner width=&#8221;1\/2&#8243; offset=&#8221;vc_col-md-3&#8243; css=&#8221;.vc_custom_1520259304608{padding-right: 1px !important;padding-bottom: 2px !important;padding-left: 1px !important;}&#8221;][qode_elements_holder number_of_columns=&#8221;one_column&#8221;][qode_elements_holder_item advanced_animations=&#8221;no&#8221; background_image=&#8221;74&#8243; item_padding=&#8221;110px 80px 100px&#8221; item_padding_1280_1440=&#8221;70px 25px&#8221; item_padding_1024_1280=&#8221;50px 25px 60px&#8221; item_padding_768_1024=&#8221;50px 25px 60px&#8221; item_padding_600_768=&#8221;50px 25px 60px&#8221; item_padding_480_600=&#8221;40px 24px&#8221; item_padding_480=&#8221;40px 24px&#8221;][vc_single_image image=&#8221;23&#8243; img_size=&#8221;full&#8221; alignment=&#8221;center&#8221; qode_css_animation=&#8221;&#8221;][vc_empty_space height=&#8221;4px&#8221;][vc_column_text]<\/p>\n<h4><span style=\"color: #ffffff;\">Gayrimenkul hukuku<\/span><\/h4>\n<p>[\/vc_column_text][vc_empty_space height=&#8221;12px&#8221;][vc_column_text]<span style=\"color: #ffffff;\">Gayrimenkul hukuku; T\u00fcrkiye&#8217;de \u00f6rneklerine s\u0131k\u00e7a rastlad\u0131\u011f\u0131m\u0131z apartman, d\u00fckkan ve arazi gibi ta\u015f\u0131nmas\u0131 m\u00fcmk\u00fcn olmayan mallar\u0131 kapsayan hukuk alan\u0131d\u0131r.<\/span>[\/vc_column_text][vc_empty_space height=&#8221;40px&#8221;][\/qode_elements_holder_item][\/qode_elements_holder][\/vc_column_inner][\/vc_row_inner][vc_empty_space][vc_column_text]<\/p>\n<h2 style=\"text-align: center;\">Avukat <a href=\"https:\/\/www.eminokten.com.tr\/hakkinda\/\" target=\"_blank\" rel=\"noopener\">Emin \u00d6KTEN<\/a><\/h2>\n<p>[\/vc_column_text][vc_row_inner row_type=&#8221;row&#8221; type=&#8221;grid&#8221; text_align=&#8221;left&#8221; css_animation=&#8221;&#8221; css=&#8221;.vc_custom_1520262250056{padding-top: 42px !important;padding-bottom: 88px !important;}&#8221;][vc_column_inner width=&#8221;1\/4&#8243; offset=&#8221;vc_hidden-sm vc_hidden-xs&#8221;][\/vc_column_inner][vc_column_inner width=&#8221;1\/2&#8243;]<div class='q_team info_description_below_image'><div class='q_team_inner'><div class='q_team_image'><div class='q_team_image_holder'><img itemprop='image' src='https:\/\/www.eminokten.com.tr\/wp-content\/uploads\/2020\/08\/Emin_Okten-1.png' alt='Avukat Emin \u00d6kten' \/><\/div><div class='q_team_text' ><div class='q_team_text_inner'><div class='q_team_title_holder'><h3 class='q_team_name' style = ''><\/h3><\/div><div class='q_team_description_below_image_wrapper'><div class='q_team_description'><div class='q_team_description_inner'><p><b>Avukat Emin \u00d6kten<\/b>, ba\u015fta hukuki dan\u0131\u015fmanl\u0131k, profesyonel \u015firket y\u00f6netimi, kriz y\u00f6netimi, madencilik, in\u015faat, enerji, balistik ve savunma sanayi alanlar\u0131nda olduk\u00e7a deneyimlidir.<\/p>\n<p>E\u011fitim hayat\u0131nda tercihini hukuk alan\u0131ndan yana kullanm\u0131\u015f ve 2003 y\u0131l\u0131nda girdi\u011fi Bah\u00e7e\u015fehir \u00dcniversitesi Hukuk Fak\u00fcltesi'nden ba\u015far\u0131yla mezun olmu\u015ftur. B\u00f6l\u00fcm\u00fcn\u00fcn bar\u0131nd\u0131rd\u0131\u011f\u0131 bir\u00e7ok alanda kendini geli\u015ftirme f\u0131rsat\u0131 bulmu\u015ftur.<\/p>\n<p>Maden Hukuku, Kamula\u015ft\u0131rma Hukuku, Anayasa Hukuku, Enerji Hukuku ve Ceza Hukuku gibi alanlarda bir\u00e7ok seminere kat\u0131lm\u0131\u015ft\u0131r. Ayr\u0131ca hukuk ile ilgili alanlarda bir\u00e7ok e\u011fitim vermi\u015ftir.<\/p><\/div><\/div><\/div><\/div><\/div><div class='q_team_social_holder'><span class='q_social_icon_holder normal_social' ><a itemprop='url' href='#' target=''><i class=\"qode_icon_font_awesome fa fa-linkedin fa-2x simple_social\" style=\"\" ><\/i><\/a><\/span><\/div><\/div><\/div><\/div>[\/vc_column_inner][vc_column_inner width=&#8221;1\/4&#8243;][\/vc_column_inner][\/vc_row_inner][\/vc_column][vc_column][\/vc_column][vc_column][\/vc_column][vc_column][\/vc_column][\/vc_row][vc_row css_animation=&#8221;&#8221; row_type=&#8221;row&#8221; use_row_as_full_screen_section=&#8221;no&#8221; type=&#8221;full_width&#8221; angled_section=&#8221;no&#8221; text_align=&#8221;left&#8221; background_image_as_pattern=&#8221;without_pattern&#8221; css=&#8221;.vc_custom_1520328481304{background-color: rgba(233,227,230,0.01) !important;*background-color: rgb(233,227,230) !important;}&#8221; z_index=&#8221;22&#8243;][vc_column][vc_row_inner row_type=&#8221;row&#8221; type=&#8221;grid&#8221; text_align=&#8221;center&#8221; css_animation=&#8221;&#8221; css=&#8221;.vc_custom_1595799552896{margin-right: 30px !important;margin-left: 30px !important;padding-top: 75px !important;padding-bottom: 75px !important;background-image: url(https:\/\/www.eminokten.com.tr\/wp-content\/uploads\/2020\/07\/medya-img.jpg?id=620) !important;background-position: center !important;background-repeat: no-repeat !important;background-size: cover !important;}&#8221;][vc_column_inner offset=&#8221;vc_col-lg-6 vc_col-md-5&#8243;][qode_elements_holder number_of_columns=&#8221;one_column&#8221;][qode_elements_holder_item horizontal_alignment=&#8221;center&#8221; advanced_animations=&#8221;no&#8221; item_padding=&#8221;85px 65px 60px&#8221; item_padding_1280_1440=&#8221;40px 22px 50px&#8221; item_padding_1024_1280=&#8221;48px 22px 45px&#8221; item_padding_768_1024=&#8221;0px 0px 25px 20px&#8221; item_padding_600_768=&#8221;0px 20px 60px&#8221; item_padding_480_600=&#8221;0px 10px 60px&#8221; item_padding_480=&#8221;0px 10px 60px&#8221;][vc_column_text]<\/p>\n<h2><span style=\"color: #ffffff;\">Medya &amp; \u0130leti\u015fim<\/span><\/h2>\n<p>[\/vc_column_text][vc_empty_space height=&#8221;22px&#8221;][vc_column_text]<span style=\"color: #ffffff;\">Av. Emin \u00d6kten&#8217;in medya,ve sosyal medya&#8217;da yer alan baz\u0131 konu\u015fma, konferans, ders anlat\u0131m\u0131, davet ve \u00f6d\u00fcl seremonileri. <\/span>[\/vc_column_text][vc_empty_space height=&#8221;40px&#8221;]<a itemprop=\"url\" href=\"https:\/\/www.eminokten.com.tr\/videolar\/\" target=\"_self\" data-hover-background-color=\"#2f2a2d\" data-hover-border-color=\"#2f2a2d\" data-hover-color=\"#ffffff\" class=\"qbutton  large default\" style=\"border-color: #b59a63; background-color: #b59a63;\">V\u0130DEOLAR<\/a>[\/qode_elements_holder_item][\/qode_elements_holder][\/vc_column_inner][vc_column_inner offset=&#8221;vc_col-lg-6 vc_col-md-7&#8243;][qode_elements_holder number_of_columns=&#8221;one_column&#8221;][qode_elements_holder_item advanced_animations=&#8221;no&#8221; item_padding=&#8221;70px 0px&#8221; item_padding_1280_1440=&#8221;134px 0px&#8221; item_padding_1024_1280=&#8221;133px 0px&#8221; item_padding_768_1024=&#8221;135px 0px&#8221; item_padding_600_768=&#8221;155px 0px&#8221; item_padding_480_600=&#8221;52px 0px&#8221; item_padding_480=&#8221;52px 0px&#8221;]<div class=\"qode_video_box disabled_hover_overlay\">\n\t<a itemprop=\"image\" class=\"qode_video_image\" href=\"https:\/\/youtu.be\/lpqWwN0Sduo\" data-rel=\"prettyPhoto\" target=\"_blank\" rel=\"noopener\">\n\t\t\t\t\t<img decoding=\"async\" width=\"1920\" height=\"1080\" src=\"https:\/\/www.eminokten.com.tr\/wp-content\/uploads\/2020\/08\/1595624616582_255587818-scaled-1.jpg\" class=\"attachment-full size-full\" alt=\"Avukat Emin \u00d6kten\" srcset=\"https:\/\/www.eminokten.com.tr\/wp-content\/uploads\/2020\/08\/1595624616582_255587818-scaled-1.jpg 1920w, https:\/\/www.eminokten.com.tr\/wp-content\/uploads\/2020\/08\/1595624616582_255587818-scaled-1-300x169.jpg 300w, https:\/\/www.eminokten.com.tr\/wp-content\/uploads\/2020\/08\/1595624616582_255587818-scaled-1-1024x576.jpg 1024w, https:\/\/www.eminokten.com.tr\/wp-content\/uploads\/2020\/08\/1595624616582_255587818-scaled-1-768x432.jpg 768w, https:\/\/www.eminokten.com.tr\/wp-content\/uploads\/2020\/08\/1595624616582_255587818-scaled-1-1536x864.jpg 1536w, https:\/\/www.eminokten.com.tr\/wp-content\/uploads\/2020\/08\/1595624616582_255587818-scaled-1-2048x1152.jpg 2048w, https:\/\/www.eminokten.com.tr\/wp-content\/uploads\/2020\/08\/1595624616582_255587818-scaled-1-700x394.jpg 700w, https:\/\/www.eminokten.com.tr\/wp-content\/uploads\/2020\/08\/1595624616582_255587818-scaled-1-539x303.jpg 539w\" sizes=\"(max-width: 1920px) 100vw, 1920px\" \/>\t\t\t<span class=\"qode_video_box_button_holder\">\n\t\t\t\t<span class=\"qode_video_box_button\">\n\t\t\t\t\t<span class=\"qode_video_box_button_arrow\">\n\t\t\t\t\t<\/span>\n\t\t\t\t<\/span>\n\t\t\t<\/span>\n\t\t\t<\/a>\n<\/div>[\/qode_elements_holder_item][\/qode_elements_holder][\/vc_column_inner][\/vc_row_inner][\/vc_column][\/vc_row][vc_row css_animation=&#8221;&#8221; row_type=&#8221;row&#8221; use_row_as_full_screen_section=&#8221;no&#8221; type=&#8221;full_width&#8221; angled_section=&#8221;no&#8221; text_align=&#8221;left&#8221; background_image_as_pattern=&#8221;without_pattern&#8221; css=&#8221;.vc_custom_1520326518065{margin-top: -220px !important;background-color: #2f2a2d !important;}&#8221; z_index=&#8221;&#8221;][vc_column][qode_elements_holder number_of_columns=&#8221;one_column&#8221;][qode_elements_holder_item advanced_animations=&#8221;no&#8221; item_padding=&#8221;50px 7% 20px&#8221; item_padding_480_600=&#8221;250px 7% 20px&#8221; item_padding_480=&#8221;250px 7% 20px&#8221;][qode_clients columns=&#8221;five_columns&#8221; hover_effect=&#8221;switch_img&#8221; switch_effect=&#8221;switch_fade&#8221; disable_separators=&#8221;yes&#8221;][qode_client link_target=&#8221;_blank&#8221; image=&#8221;569&#8243; hover_image=&#8221;570&#8243; link=&#8221;http:\/\/www.okten.com.tr&#8221;][qode_client link_target=&#8221;_self&#8221; image=&#8221;566&#8243; hover_image=&#8221;567&#8243; link=&#8221;http:\/\/okten.av.tr\/&#8221;][qode_client link_target=&#8221;_self&#8221; image=&#8221;713&#8243; hover_image=&#8221;711&#8243; link=&#8221;http:\/\/www.insara.net\/index.html&#8221;][qode_client link_target=&#8221;_self&#8221; image=&#8221;573&#8243; hover_image=&#8221;572&#8243; link=&#8221;http:\/\/www.teknosafe.net\/&#8221;][qode_client link_target=&#8221;_self&#8221; image=&#8221;932&#8243; hover_image=&#8221;933&#8243; link=&#8221;#&#8221;][\/qode_clients][\/qode_elements_holder_item][\/qode_elements_holder][\/vc_column][\/vc_row]<\/p>\n<\/div>","protected":false},"excerpt":{"rendered":"<p>[vc_row css_animation=&#8221;&#8221; row_type=&#8221;row&#8221; use_row_as_full_screen_section=&#8221;no&#8221; type=&#8221;full_width&#8221; angled_section=&#8221;no&#8221; text_align=&#8221;left&#8221; background_image_as_pattern=&#8221;without_pattern&#8221; css=&#8221;.vc_custom_1520254781200{background-color: #2f2a2d !important;}&#8221; z_index=&#8221;&#8221;][vc_column][qode_elements_holder number_of_columns=&#8221;one_column&#8221;][qode_elements_holder_item advanced_animations=&#8221;no&#8221; item_padding=&#8221;590px 0px 0px&#8221; item_padding_1280_1440=&#8221;420px 0px 0px&#8221; item_padding_1024_1280=&#8221;400px 0px 0px&#8221; item_padding_480_600=&#8221;150px 0px 0px&#8221; item_padding_480=&#8221;350px 0px 0px&#8221; item_padding_768_1024=&#8221;350px 0px 0px&#8221; item_padding_600_768=&#8221;200px 0px 0px&#8221;][\/qode_elements_holder_item][\/qode_elements_holder][\/vc_column][\/vc_row][vc_row css_animation=&#8221;&#8221; row_type=&#8221;row&#8221; use_row_as_full_screen_section=&#8221;no&#8221; type=&#8221;full_width&#8221; angled_section=&#8221;no&#8221; text_align=&#8221;left&#8221; background_image_as_pattern=&#8221;without_pattern&#8221; row_negative_margin=&#8221;disable_negative_margin&#8221; css=&#8221;.vc_custom_1520328428302{padding-top: 30px&#8230;<\/p>\n","protected":false},"author":1,"featured_media":0,"parent":0,"menu_order":0,"comment_status":"closed","ping_status":"closed","template":"full_width.php","meta":{"footnotes":""},"class_list":["post-146","page","type-page","status-publish","hentry"],"_links":{"self":[{"href":"https:\/\/www.eminokten.com.tr\/en\/wp-json\/wp\/v2\/pages\/146","targetHints":{"allow":["GET"]}}],"collection":[{"href":"https:\/\/www.eminokten.com.tr\/en\/wp-json\/wp\/v2\/pages"}],"about":[{"href":"https:\/\/www.eminokten.com.tr\/en\/wp-json\/wp\/v2\/types\/page"}],"author":[{"embeddable":true,"href":"https:\/\/www.eminokten.com.tr\/en\/wp-json\/wp\/v2\/users\/1"}],"replies":[{"embeddable":true,"href":"https:\/\/www.eminokten.com.tr\/en\/wp-json\/wp\/v2\/comments?post=146"}],"version-history":[{"count":0,"href":"https:\/\/www.eminokten.com.tr\/en\/wp-json\/wp\/v2\/pages\/146\/revisions"}],"wp:attachment":[{"href":"https:\/\/www.eminokten.com.tr\/en\/wp-json\/wp\/v2\/media?parent=146"}],"curies":[{"name":"wp","href":"https:\/\/api.w.org\/{rel}","templated":true}]}}