{"id":195,"date":"2018-03-06T11:34:18","date_gmt":"2018-03-06T11:34:18","guid":{"rendered":"http:\/\/bridge175.qodeinteractive.com\/?page_id=195"},"modified":"2026-04-19T18:11:59","modified_gmt":"2026-04-19T15:11:59","slug":"expert-team","status":"publish","type":"page","link":"https:\/\/www.eminokten.com.tr\/en\/expert-team\/","title":{"rendered":"Articles"},"content":{"rendered":"<div class=\"wpb-content-wrapper\"><p>[vc_row css_animation=&#8221;&#8221; row_type=&#8221;row&#8221; use_row_as_full_screen_section=&#8221;no&#8221; type=&#8221;full_width&#8221; angled_section=&#8221;no&#8221; text_align=&#8221;center&#8221; background_image_as_pattern=&#8221;without_pattern&#8221; css=&#8221;.vc_custom_1520338979119{background-image: url(http:\/\/bridge175.qodeinteractive.com\/wp-content\/uploads\/2018\/03\/team-content-background-img.jpg?id=210) !important;background-position: center !important;background-repeat: no-repeat !important;background-size: cover !important;}&#8221; z_index=&#8221;&#8221;][vc_column width=&#8221;1\/3&#8243;][qode_elements_holder number_of_columns=&#8221;one_column&#8221;][qode_elements_holder_item advanced_animations=&#8221;no&#8221; item_padding=&#8221;90px 20% 58px&#8221; item_padding_1280_1440=&#8221;90px 23% 108px&#8221; item_padding_1024_1280=&#8221;90px 23% 92px&#8221; item_padding_768_1024=&#8221;90px 15% 71px&#8221; item_padding_600_768=&#8221;90px 6% 45px&#8221; item_padding_480_600=&#8221;90px 7% 30px&#8221; item_padding_480=&#8221;90px 7% 30px&#8221;]<div class=\"image_with_text\"><img decoding=\"async\" itemprop=\"image\" src=\"https:\/\/www.eminokten.com.tr\/wp-content\/uploads\/2020\/07\/covid-19.jpg\" alt=\"\" \/><h3  class=\"image_with_text_title\"><\/h3><span style=\"margin: 6px 0px;\" class=\"separator transparent\"><\/span><a title=\"COVID-19\u2019UN S\u00d6ZLE\u015eMELERE ETK\u0130S\u0130 VE M\u00dcCB\u0130R SEBEP \u0130LE \u0130L\u0130\u015eK\u0130S\u0130\" href=\"http:\/\/okten.av.tr\/covid-19un-sozlesmelere-etkisi-ve-mucbir-sebep-ile-iliskisi\/\" target=\"_blank\" rel=\"noopener noreferrer\">COVID-19\u2019UN S\u00d6ZLE\u015eMELERE ETK\u0130S\u0130 VE M\u00dcCB\u0130R SEBEP \u0130LE \u0130L\u0130\u015eK\u0130S\u0130<\/a><\/div>[\/qode_elements_holder_item][\/qode_elements_holder][\/vc_column][vc_column width=&#8221;1\/3&#8243;][qode_elements_holder number_of_columns=&#8221;one_column&#8221;][qode_elements_holder_item advanced_animations=&#8221;no&#8221; item_padding=&#8221;90px 20% 58px&#8221; item_padding_1280_1440=&#8221;90px 23% 108px&#8221; item_padding_1024_1280=&#8221;90px 23% 92px&#8221; item_padding_768_1024=&#8221;90px 15% 71px&#8221; item_padding_600_768=&#8221;90px 6% 45px&#8221; item_padding_480_600=&#8221;90px 7% 30px&#8221; item_padding_480=&#8221;90px 7% 30px&#8221;]<div class=\"image_with_text\"><img decoding=\"async\" itemprop=\"image\" src=\"https:\/\/www.eminokten.com.tr\/wp-content\/uploads\/2021\/10\/IMG-20211007-WA0008.jpg\" alt=\"\" \/><h3  class=\"image_with_text_title\"><\/h3><span style=\"margin: 6px 0px;\" class=\"separator transparent\"><\/span><a title=\"HAYVAN HAKLARI\u2026 D\u00dcNYADA VE T\u00dcRK\u0130YE\u2019DE\u2026\" href=\"http:\/\/okten.av.tr\/hayvan-haklari-dunyada-ve-turkiyede\/\" target=\"_blank\" rel=\"noopener noreferrer\">HAYVAN HAKLARI\u2026 D\u00dcNYADA VE T\u00dcRK\u0130YE\u2019DE\u2026<\/a><\/div>[\/qode_elements_holder_item][\/qode_elements_holder][\/vc_column][vc_column width=&#8221;1\/3&#8243;][qode_elements_holder number_of_columns=&#8221;one_column&#8221;][qode_elements_holder_item advanced_animations=&#8221;no&#8221; item_padding=&#8221;90px 20% 58px&#8221; item_padding_1280_1440=&#8221;90px 23% 108px&#8221; item_padding_1024_1280=&#8221;90px 23% 92px&#8221; item_padding_768_1024=&#8221;90px 15% 71px&#8221; item_padding_600_768=&#8221;90px 6% 45px&#8221; item_padding_480_600=&#8221;90px 7% 30px&#8221; item_padding_480=&#8221;90px 7% 30px&#8221;]<div class=\"image_with_text\"><img decoding=\"async\" itemprop=\"image\" src=\"https:\/\/www.eminokten.com.tr\/wp-content\/uploads\/2020\/08\/k\u00f6m\u00fcr.jpg\" alt=\"\" \/><h3  class=\"image_with_text_title\"><\/h3><span style=\"margin: 6px 0px;\" class=\"separator transparent\"><\/span><a title=\"T\u00dcRK\u0130YE\u2019DE YERL\u0130 K\u00d6M\u00dcR VE YERL\u0130 K\u00d6M\u00dcRDEN ELEKTR\u0130K \u00dcRET\u0130M\u0130\" href=\"http:\/\/okten.av.tr\/turkiyede-yerli-komur-ve-yerli-komurden-elektrik-uretimi\/\" target=\"_blank\" rel=\"noopener noreferrer\">T\u00dcRK\u0130YE\u2019DE YERL\u0130 K\u00d6M\u00dcR VE YERL\u0130 K\u00d6M\u00dcRDEN ELEKTR\u0130K \u00dcRET\u0130M\u0130<\/a><\/div>[\/qode_elements_holder_item][\/qode_elements_holder][\/vc_column][vc_column][qode_elements_holder number_of_columns=&#8221;one_column&#8221;][qode_elements_holder_item advanced_animations=&#8221;no&#8221; item_padding=&#8221;3px 0px 55px&#8221; item_padding_1280_1440=&#8221;0px 0px 120px&#8221; item_padding_1024_1280=&#8221;0px 0px 60px&#8221; item_padding_768_1024=&#8221;0px 0px 40px&#8221; item_padding_600_768=&#8221;0px 0px 80px&#8221; item_padding_480_600=&#8221;13px 0px 80px&#8221; item_padding_480=&#8221;13px 0px 80px&#8221;][\/qode_elements_holder_item][\/qode_elements_holder][\/vc_column][\/vc_row][vc_row css_animation=&#8221;&#8221; row_type=&#8221;row&#8221; use_row_as_full_screen_section=&#8221;no&#8221; type=&#8221;full_width&#8221; angled_section=&#8221;no&#8221; text_align=&#8221;left&#8221; background_image_as_pattern=&#8221;without_pattern&#8221; css=&#8221;.vc_custom_1597527337343{margin-top: -22px !important;background-color: #2f2a2d !important;}&#8221; z_index=&#8221;&#8221;][vc_column][qode_elements_holder number_of_columns=&#8221;one_column&#8221;][qode_elements_holder_item advanced_animations=&#8221;no&#8221; item_padding=&#8221;50px 7% 20px&#8221;][qode_clients columns=&#8221;five_columns&#8221; hover_effect=&#8221;switch_img&#8221; switch_effect=&#8221;switch_fade&#8221; disable_separators=&#8221;yes&#8221;][qode_client link_target=&#8221;_self&#8221; image=&#8221;569&#8243; hover_image=&#8221;570&#8243; link=&#8221;http:\/\/www.oktengroup.net&#8221;][qode_client link_target=&#8221;_self&#8221; image=&#8221;566&#8243; hover_image=&#8221;567&#8243; link=&#8221;http:\/\/okten.av.tr\/&#8221;][qode_client link_target=&#8221;_self&#8221; image=&#8221;713&#8243; hover_image=&#8221;711&#8243; link=&#8221;http:\/\/www.insara.net\/index.html&#8221;][qode_client link_target=&#8221;_self&#8221; image=&#8221;573&#8243; hover_image=&#8221;572&#8243; link=&#8221;http:\/\/www.teknosafe.net\/&#8221;][qode_client link_target=&#8221;_self&#8221; image=&#8221;932&#8243; hover_image=&#8221;933&#8243; link=&#8221;#&#8221;][\/qode_clients][\/qode_elements_holder_item][\/qode_elements_holder][\/vc_column][\/vc_row]<\/p>\n<\/div>","protected":false},"excerpt":{"rendered":"<p>[vc_row css_animation=&#8221;&#8221; row_type=&#8221;row&#8221; use_row_as_full_screen_section=&#8221;no&#8221; type=&#8221;full_width&#8221; angled_section=&#8221;no&#8221; text_align=&#8221;center&#8221; background_image_as_pattern=&#8221;without_pattern&#8221; css=&#8221;.vc_custom_1520338979119{background-image: url(http:\/\/bridge175.qodeinteractive.com\/wp-content\/uploads\/2018\/03\/team-content-background-img.jpg?id=210) !important;background-position: center !important;background-repeat: no-repeat !important;background-size: cover !important;}&#8221; z_index=&#8221;&#8221;][vc_column width=&#8221;1\/3&#8243;][qode_elements_holder number_of_columns=&#8221;one_column&#8221;][qode_elements_holder_item advanced_animations=&#8221;no&#8221; item_padding=&#8221;90px 20% 58px&#8221; item_padding_1280_1440=&#8221;90px 23% 108px&#8221; item_padding_1024_1280=&#8221;90px 23% 92px&#8221; item_padding_768_1024=&#8221;90px 15% 71px&#8221; item_padding_600_768=&#8221;90px 6% 45px&#8221; item_padding_480_600=&#8221;90px 7% 30px&#8221; item_padding_480=&#8221;90px 7% 30px&#8221;][\/qode_elements_holder_item][\/qode_elements_holder][\/vc_column][vc_column width=&#8221;1\/3&#8243;][qode_elements_holder number_of_columns=&#8221;one_column&#8221;][qode_elements_holder_item advanced_animations=&#8221;no&#8221;&#8230;<\/p>\n","protected":false},"author":1,"featured_media":0,"parent":0,"menu_order":0,"comment_status":"closed","ping_status":"closed","template":"full_width.php","meta":{"footnotes":""},"class_list":["post-195","page","type-page","status-publish","hentry"],"_links":{"self":[{"href":"https:\/\/www.eminokten.com.tr\/en\/wp-json\/wp\/v2\/pages\/195","targetHints":{"allow":["GET"]}}],"collection":[{"href":"https:\/\/www.eminokten.com.tr\/en\/wp-json\/wp\/v2\/pages"}],"about":[{"href":"https:\/\/www.eminokten.com.tr\/en\/wp-json\/wp\/v2\/types\/page"}],"author":[{"embeddable":true,"href":"https:\/\/www.eminokten.com.tr\/en\/wp-json\/wp\/v2\/users\/1"}],"replies":[{"embeddable":true,"href":"https:\/\/www.eminokten.com.tr\/en\/wp-json\/wp\/v2\/comments?post=195"}],"version-history":[{"count":19,"href":"https:\/\/www.eminokten.com.tr\/en\/wp-json\/wp\/v2\/pages\/195\/revisions"}],"predecessor-version":[{"id":1704,"href":"https:\/\/www.eminokten.com.tr\/en\/wp-json\/wp\/v2\/pages\/195\/revisions\/1704"}],"wp:attachment":[{"href":"https:\/\/www.eminokten.com.tr\/en\/wp-json\/wp\/v2\/media?parent=195"}],"curies":[{"name":"wp","href":"https:\/\/api.w.org\/{rel}","templated":true}]}}