{"id":289,"date":"2018-03-05T11:38:22","date_gmt":"2018-03-05T11:38:22","guid":{"rendered":"http:\/\/bridge175.qodeinteractive.com\/?page_id=4"},"modified":"2025-08-06T13:50:06","modified_gmt":"2025-08-06T10:50:06","slug":"hakkinda","status":"publish","type":"page","link":"https:\/\/www.eminokten.com.tr\/en\/hakkinda\/","title":{"rendered":"About"},"content":{"rendered":"<div class=\"wpb-content-wrapper\"><p>[vc_row css_animation=&#8221;&#8221; row_type=&#8221;row&#8221; use_row_as_full_screen_section=&#8221;no&#8221; type=&#8221;full_width&#8221; angled_section=&#8221;no&#8221; text_align=&#8221;center&#8221; background_image_as_pattern=&#8221;without_pattern&#8221; css=&#8221;.vc_custom_1597570675501{background-color: #e5e5e5 !important;background-position: center !important;background-repeat: no-repeat !important;background-size: cover !important;}&#8221; z_index=&#8221;&#8221;][vc_column css=&#8221;.vc_custom_1597581128149{margin-top: 50px !important;}&#8221;][vc_column_text]<\/p>\n<h3 style=\"text-align: center;\">Av. Emin \u00d6KTEN<\/h3>\n<p>[\/vc_column_text][qode_elements_holder number_of_columns=&#8221;one_column&#8221;][qode_elements_holder_item horizontal_alignment=&#8221;left&#8221; advanced_animations=&#8221;no&#8221; item_padding=&#8221;20px 25% 20px&#8221; item_padding_1280_1440=&#8221;0px 23% 58px&#8221; item_padding_1024_1280=&#8221;0px 23% 58px&#8221; item_padding_768_1024=&#8221;0px 15% 58px&#8221; item_padding_600_768=&#8221;0px 6% 45px&#8221; item_padding_480_600=&#8221;0px 7% 30px&#8221; item_padding_480=&#8221;0px 7% 30px&#8221;][vc_column_text]<\/p>\n<h5><img decoding=\"async\" class=\" wp-image-951 alignleft\" src=\"https:\/\/www.eminokten.com.tr\/wp-content\/uploads\/2020\/08\/Emin_Okten-1-300x300.png\" alt=\"\" width=\"134\" height=\"134\" srcset=\"https:\/\/www.eminokten.com.tr\/wp-content\/uploads\/2020\/08\/Emin_Okten-1-300x300.png 300w, https:\/\/www.eminokten.com.tr\/wp-content\/uploads\/2020\/08\/Emin_Okten-1-150x150.png 150w, https:\/\/www.eminokten.com.tr\/wp-content\/uploads\/2020\/08\/Emin_Okten-1.png 368w\" sizes=\"(max-width: 134px) 100vw, 134px\" \/><\/h5>\n<h5>Lawyer \/ Deputy Chairman of \u00d6kten Group Companies<\/h5>\n<h5>After having graduated from Ayaza\u011fa I\u015f\u0131k High School as the third and honorary, Mr. \u00d6kten graduated from Bah\u00e7e\u015fehir University Faculty of Law. He started his business life by working in different positions in \u00d6kten Group Companies since 1999 and gained experience in professional company management, crisis management, mining, energy, construction, defense industry, and ballistics.<\/h5>\n<h5>He attended international training and seminars in the fields of mining law, energy law, expropriation law, criminal law, and constitutional law. \u00d6kten, who attaches importance to personal development as well as vocational training, has received training in neurolinguistic programming, family sequencing \/ Bert Hellinger therapy, respiratory and somatopsychic balance, and has conducted research on technology, health, science, and intellectual issues.<\/h5>\n<h5>Having adopted the basic philosophy of providing specific solutions to his clients, \u00d6kten established the \u00d6kten Law and Consultancy Office to provide quality and reliable legal services. The areas of expertise of \u00d6kten, who is the executive lawyer of the office; family law, inheritance law, real estate law, commercial and corporate law, mining, and energy law. Emin \u00d6kten is also the Vice Chairman of the Board of Directors of \u00d6kten Group Companies.<\/h5>\n<h5>Mr. \u00d6kten, who also attaches importance to his sportive career, is a licensed athlete in the fields of a basketball player, shooting, archery, and kickboxing. In addition to being a good reader, he writes poetry and sings his poems in his own voice. He was deemed worthy of many awards for his poems.<\/h5>\n<h5>Mr. \u00d6kten, who actively supports the social responsibility activities of Non-Governmental Organizations, participates in the activities of reputable associations and organizations in order to share his experiences and experiences with young people.<\/h5>\n<h5>Lawyer Emin \u00d6kten has a good command in English.<\/h5>\n<p>[\/vc_column_text][\/qode_elements_holder_item][\/qode_elements_holder][\/vc_column][\/vc_row][vc_row css_animation=&#8221;&#8221; row_type=&#8221;row&#8221; use_row_as_full_screen_section=&#8221;no&#8221; type=&#8221;full_width&#8221; angled_section=&#8221;no&#8221; text_align=&#8221;center&#8221; background_image_as_pattern=&#8221;without_pattern&#8221; z_index=&#8221;&#8221; css=&#8221;.vc_custom_1597579965299{margin-top: 50px !important;}&#8221;][vc_column width=&#8221;1\/6&#8243;][\/vc_column][vc_column width=&#8221;1\/4&#8243;][vc_column_text css=&#8221;.vc_custom_1598286308086{margin-top: 15px !important;padding-top: 15px !important;}&#8221;]<\/p>\n<h2 style=\"text-align: center;\">MEMBERSHIPS<\/h2>\n<p>[\/vc_column_text][vc_single_image image=&#8221;1143&#8243; img_size=&#8221;large&#8221; alignment=&#8221;center&#8221; qode_css_animation=&#8221;&#8221;][\/vc_column][vc_column width=&#8221;1\/6&#8243; css=&#8221;.vc_custom_1597596295315{margin-top: 10px !important;}&#8221;][qode_elements_holder number_of_columns=&#8221;one_column&#8221;][qode_elements_holder_item advanced_animations=&#8221;no&#8221; item_padding=&#8221;0px 0px&#8221; item_padding_1280_1440=&#8221;150px 0px&#8221; item_padding_768_1024=&#8221;135px 0px&#8221;]<div class=\"qode_vertical_separator\" style=\"height: 400px;width: 2px;background-color: #392e2d\">\n<\/div>[\/qode_elements_holder_item][\/qode_elements_holder][\/vc_column][vc_column width=&#8221;1\/4&#8243;][vc_column_text css=&#8221;.vc_custom_1598286372656{margin-top: 15px !important;padding-top: 15px !important;}&#8221;]<\/p>\n<h2 style=\"text-align: center;\">VOLUNTEER<\/h2>\n<p>[\/vc_column_text][qode_elements_holder number_of_columns=&#8221;one_column&#8221;][qode_elements_holder_item advanced_animations=&#8221;no&#8221;]<div class=\"qode-advanced-image-gallery  qode-aig-grid-type qode-small-space   \">\n\t<div class=\"qode-aig-inner qode-outer-space qode-aig-grid qode-aig-three-columns\">\n\t\t\t\t\t<div class=\"qode-aig-image qode-item-space\">\n\t\t\t\t<div class=\"qode-aig-image-inner\">\n\t\t\t\t\t\t\t\t\t\t\t<img decoding=\"async\" width=\"207\" height=\"207\" src=\"https:\/\/www.eminokten.com.tr\/wp-content\/uploads\/2020\/08\/Turkkizilayi.jpg\" class=\"attachment-medium size-medium\" alt=\"T\u00fcrk K\u0131z\u0131lay\u0131\" srcset=\"https:\/\/www.eminokten.com.tr\/wp-content\/uploads\/2020\/08\/Turkkizilayi.jpg 207w, https:\/\/www.eminokten.com.tr\/wp-content\/uploads\/2020\/08\/Turkkizilayi-150x150.jpg 150w\" sizes=\"(max-width: 207px) 100vw, 207px\" \/>\t\t\t\t\t\t<span class=\"aig-gallery-hover\">\n\t\t\t\t\t\t\t\t\t\t\t\t\t<\/span>\n\t\t\t\t\t\t\t\t\t<\/div>\n\t\t\t<\/div>\n\t\t\t\t\t\t\t\t<div class=\"qode-aig-image qode-item-space\">\n\t\t\t\t<div class=\"qode-aig-image-inner\">\n\t\t\t\t\t\t\t\t\t\t\t<img decoding=\"async\" width=\"207\" height=\"207\" src=\"https:\/\/www.eminokten.com.tr\/wp-content\/uploads\/2020\/08\/Tema.jpg\" class=\"attachment-medium size-medium\" alt=\"Tema\" srcset=\"https:\/\/www.eminokten.com.tr\/wp-content\/uploads\/2020\/08\/Tema.jpg 207w, https:\/\/www.eminokten.com.tr\/wp-content\/uploads\/2020\/08\/Tema-150x150.jpg 150w\" sizes=\"(max-width: 207px) 100vw, 207px\" \/>\t\t\t\t\t\t<span class=\"aig-gallery-hover\">\n\t\t\t\t\t\t\t\t\t\t\t\t\t<\/span>\n\t\t\t\t\t\t\t\t\t<\/div>\n\t\t\t<\/div>\n\t\t\t\t\t\t\t\t<div class=\"qode-aig-image qode-item-space\">\n\t\t\t\t<div class=\"qode-aig-image-inner\">\n\t\t\t\t\t\t\t\t\t\t\t<img decoding=\"async\" width=\"207\" height=\"207\" src=\"https:\/\/www.eminokten.com.tr\/wp-content\/uploads\/2020\/08\/L\u00f6sev.jpg\" class=\"attachment-medium size-medium\" alt=\"L\u00f6sev\" srcset=\"https:\/\/www.eminokten.com.tr\/wp-content\/uploads\/2020\/08\/L\u00f6sev.jpg 207w, https:\/\/www.eminokten.com.tr\/wp-content\/uploads\/2020\/08\/L\u00f6sev-150x150.jpg 150w\" sizes=\"(max-width: 207px) 100vw, 207px\" \/>\t\t\t\t\t\t<span class=\"aig-gallery-hover\">\n\t\t\t\t\t\t\t\t\t\t\t\t\t<\/span>\n\t\t\t\t\t\t\t\t\t<\/div>\n\t\t\t<\/div>\n\t\t\t\t\t\t\t\t<div class=\"qode-aig-image qode-item-space\">\n\t\t\t\t<div class=\"qode-aig-image-inner\">\n\t\t\t\t\t\t\t\t\t\t\t<img decoding=\"async\" width=\"207\" height=\"207\" src=\"https:\/\/www.eminokten.com.tr\/wp-content\/uploads\/2020\/08\/WWF-T\u00fcrkiye.jpg\" class=\"attachment-medium size-medium\" alt=\"WWF T\u00fcrkiye\" srcset=\"https:\/\/www.eminokten.com.tr\/wp-content\/uploads\/2020\/08\/WWF-T\u00fcrkiye.jpg 207w, https:\/\/www.eminokten.com.tr\/wp-content\/uploads\/2020\/08\/WWF-T\u00fcrkiye-150x150.jpg 150w\" sizes=\"(max-width: 207px) 100vw, 207px\" \/>\t\t\t\t\t\t<span class=\"aig-gallery-hover\">\n\t\t\t\t\t\t\t\t\t\t\t\t\t<\/span>\n\t\t\t\t\t\t\t\t\t<\/div>\n\t\t\t<\/div>\n\t\t\t\t\t\t\t\t<div class=\"qode-aig-image qode-item-space\">\n\t\t\t\t<div class=\"qode-aig-image-inner\">\n\t\t\t\t\t\t\t\t\t\t\t<img decoding=\"async\" width=\"207\" height=\"207\" src=\"https:\/\/www.eminokten.com.tr\/wp-content\/uploads\/2020\/08\/\u00c7otun.jpg\" class=\"attachment-medium size-medium\" alt=\"\u00c7orbada Tuzun Olsun Derne\u011fi\" srcset=\"https:\/\/www.eminokten.com.tr\/wp-content\/uploads\/2020\/08\/\u00c7otun.jpg 207w, https:\/\/www.eminokten.com.tr\/wp-content\/uploads\/2020\/08\/\u00c7otun-150x150.jpg 150w\" sizes=\"(max-width: 207px) 100vw, 207px\" \/>\t\t\t\t\t\t<span class=\"aig-gallery-hover\">\n\t\t\t\t\t\t\t\t\t\t\t\t\t<\/span>\n\t\t\t\t\t\t\t\t\t<\/div>\n\t\t\t<\/div>\n\t\t\t\t\t\t\t\t<div class=\"qode-aig-image qode-item-space\">\n\t\t\t\t<div class=\"qode-aig-image-inner\">\n\t\t\t\t\t\t\t\t\t\t\t<img decoding=\"async\" width=\"207\" height=\"207\" src=\"https:\/\/www.eminokten.com.tr\/wp-content\/uploads\/2020\/08\/infak-edenler.jpg\" class=\"attachment-medium size-medium\" alt=\"\u0130nfak Edenler\" srcset=\"https:\/\/www.eminokten.com.tr\/wp-content\/uploads\/2020\/08\/infak-edenler.jpg 207w, https:\/\/www.eminokten.com.tr\/wp-content\/uploads\/2020\/08\/infak-edenler-150x150.jpg 150w\" sizes=\"(max-width: 207px) 100vw, 207px\" \/>\t\t\t\t\t\t<span class=\"aig-gallery-hover\">\n\t\t\t\t\t\t\t\t\t\t\t\t\t<\/span>\n\t\t\t\t\t\t\t\t\t<\/div>\n\t\t\t<\/div>\n\t\t\t\t\t\t<\/div>\n<\/div>[\/qode_elements_holder_item][\/qode_elements_holder][\/vc_column][vc_column width=&#8221;1\/6&#8243;][\/vc_column][\/vc_row][vc_row css_animation=&#8221;&#8221; row_type=&#8221;row&#8221; use_row_as_full_screen_section=&#8221;no&#8221; type=&#8221;full_width&#8221; angled_section=&#8221;no&#8221; text_align=&#8221;left&#8221; background_image_as_pattern=&#8221;without_pattern&#8221;][vc_column][vc_column_text css=&#8221;.vc_custom_1598286394293{margin-top: 50px !important;padding-top: 15px !important;}&#8221;]<\/p>\n<h2 style=\"text-align: center;\">CERTIFICATES &#8211; LICENSES<\/h2>\n<p>[\/vc_column_text]<div class=\"qode-advanced-image-gallery  qode-aig-grid-type qode-normal-space   \">\n\t<div class=\"qode-aig-inner qode-outer-space qode-aig-grid qode-aig-three-columns\">\n\t\t\t\t\t<div class=\"qode-aig-image qode-item-space\">\n\t\t\t\t<div class=\"qode-aig-image-inner\">\n\t\t\t\t\t\t\t\t\t\t\t<img decoding=\"async\" width=\"939\" height=\"601\" src=\"https:\/\/www.eminokten.com.tr\/wp-content\/uploads\/2020\/08\/lisanslar-1.jpg\" class=\"attachment-large size-large\" alt=\"Emin \u00d6kten Lisanslar\" srcset=\"https:\/\/www.eminokten.com.tr\/wp-content\/uploads\/2020\/08\/lisanslar-1.jpg 939w, https:\/\/www.eminokten.com.tr\/wp-content\/uploads\/2020\/08\/lisanslar-1-300x192.jpg 300w, https:\/\/www.eminokten.com.tr\/wp-content\/uploads\/2020\/08\/lisanslar-1-768x492.jpg 768w, https:\/\/www.eminokten.com.tr\/wp-content\/uploads\/2020\/08\/lisanslar-1-700x448.jpg 700w\" sizes=\"(max-width: 939px) 100vw, 939px\" \/>\t\t\t\t\t\t<span class=\"aig-gallery-hover\">\n\t\t\t\t\t\t\t\t\t\t\t\t\t<\/span>\n\t\t\t\t\t\t\t\t\t<\/div>\n\t\t\t<\/div>\n\t\t\t\t\t\t\t\t<div class=\"qode-aig-image qode-item-space\">\n\t\t\t\t<div class=\"qode-aig-image-inner\">\n\t\t\t\t\t\t\t\t\t\t\t<img decoding=\"async\" width=\"939\" height=\"601\" src=\"https:\/\/www.eminokten.com.tr\/wp-content\/uploads\/2020\/08\/lisanslar-2.jpg\" class=\"attachment-large size-large\" alt=\"Emin \u00d6kten Lisanslar\" srcset=\"https:\/\/www.eminokten.com.tr\/wp-content\/uploads\/2020\/08\/lisanslar-2.jpg 939w, https:\/\/www.eminokten.com.tr\/wp-content\/uploads\/2020\/08\/lisanslar-2-300x192.jpg 300w, https:\/\/www.eminokten.com.tr\/wp-content\/uploads\/2020\/08\/lisanslar-2-768x492.jpg 768w, https:\/\/www.eminokten.com.tr\/wp-content\/uploads\/2020\/08\/lisanslar-2-700x448.jpg 700w\" sizes=\"(max-width: 939px) 100vw, 939px\" \/>\t\t\t\t\t\t<span class=\"aig-gallery-hover\">\n\t\t\t\t\t\t\t\t\t\t\t\t\t<\/span>\n\t\t\t\t\t\t\t\t\t<\/div>\n\t\t\t<\/div>\n\t\t\t\t\t\t\t\t<div class=\"qode-aig-image qode-item-space\">\n\t\t\t\t<div class=\"qode-aig-image-inner\">\n\t\t\t\t\t\t\t\t\t\t\t<img decoding=\"async\" width=\"939\" height=\"601\" src=\"https:\/\/www.eminokten.com.tr\/wp-content\/uploads\/2020\/08\/lisanslar-3.jpg\" class=\"attachment-large size-large\" alt=\"Emin \u00d6kten Lisanslar\" srcset=\"https:\/\/www.eminokten.com.tr\/wp-content\/uploads\/2020\/08\/lisanslar-3.jpg 939w, https:\/\/www.eminokten.com.tr\/wp-content\/uploads\/2020\/08\/lisanslar-3-300x192.jpg 300w, https:\/\/www.eminokten.com.tr\/wp-content\/uploads\/2020\/08\/lisanslar-3-768x492.jpg 768w, https:\/\/www.eminokten.com.tr\/wp-content\/uploads\/2020\/08\/lisanslar-3-700x448.jpg 700w\" sizes=\"(max-width: 939px) 100vw, 939px\" \/>\t\t\t\t\t\t<span class=\"aig-gallery-hover\">\n\t\t\t\t\t\t\t\t\t\t\t\t\t<\/span>\n\t\t\t\t\t\t\t\t\t<\/div>\n\t\t\t<\/div>\n\t\t\t\t\t\t<\/div>\n<\/div>[vc_column_text css=&#8221;.vc_custom_1598286412565{margin-top: 50px !important;}&#8221;]<\/p>\n<p style=\"text-align: center;\"><strong>EXPERIENCES<\/strong><\/p>\n<p>[\/vc_column_text][vc_column_text]<\/p>\n<h3 style=\"text-align: center;\">Lawyer Emin \u00d6KTEN<\/h3>\n<p>[\/vc_column_text]\t\t\t<!-- Cool Timeline Free V3.0.0 -->\n\t\t\t<div class=\"ctl-wrapper\" role=\"region\" aria-label=\"Timeline\">\n\t\t\t\t<div class=\"ctl-before-content\"><div class=\"timeline-main-title\"><h1>Deneyimler<\/h1><\/div><\/div>\t\t\t\t<div id=\"cool_timeline_2\" class=\"cool-timeline-wrapper ctl-both-sided ctl-vertical-wrapper ctl-compact-wrapper\" >\n\t\t\t\t\t<div class=\"ctl-start\"><\/div>\n\t\t\t\t\t<!-- Timeline Container -->\n\t\t\t\t\t<div class=\"ctl-timeline ctl-timeline-container\" data-animation=\"none\">\n\t\t\t\t\t\t<!-- Center Line -->\n\t\t\t\t\t\t<div class=\"ctl-inner-line\" role=\"presentation\"><\/div>\n\t\t\t\t\t\t<!-- Timeline Content --><div  id=\"ctl-story-636\" class=\"ctl-story ctl-story-icon odd ctl-story-right\" data-aos=\"none\"   data-story-index=\"1\" role=\"article\"><!-- Story Icon --><div class=\"ctl-icon\"><i class=\"fa fa-clock-o\" aria-hidden=\"true\"><\/i><\/div> <!-- Story Arrow --><div class=\"ctl-arrow\"><\/div><!-- Story Content --><div class=\"ctl-content\"><!-- Story Title --><div class=\"ctl-title story-636\" aria-label=\"2\"><a target=\"_self\" title=\"Attorney At Law \/ Founder \/ Owner\" href=\"https:\/\/www.eminokten.com.tr\/en\/cool_timeline\/attorney-at-law-founder-owner\/\" class=\"story-link\">Attorney At Law \/ Founder \/ Owner<\/a><\/div><!-- Story Date --><div class=\"ctl-labels\"><div class=\"ctl-label-big story-date\">2017<\/div><\/div><!-- Story Description --><div class=\"ctl-description\"><p>\u00d6kten Law and Consultancy Office<\/p>\n<\/div><\/div><\/div><!-- Timeline Content --><div  id=\"ctl-story-635\" class=\"ctl-story ctl-story-icon even ctl-story-left\" data-aos=\"none\"   data-story-index=\"2\" role=\"article\"><!-- Story Icon --><div class=\"ctl-icon\"><i class=\"fa fa-clock-o\" aria-hidden=\"true\"><\/i><\/div> <!-- Story Arrow --><div class=\"ctl-arrow\"><\/div><!-- Story Content --><div class=\"ctl-content\"><!-- Story Title --><div class=\"ctl-title story-635\" aria-label=\"2\"><a target=\"_self\" title=\"Vice Chairman\" href=\"https:\/\/www.eminokten.com.tr\/en\/cool_timeline\/vice-chairman\/\" class=\"story-link\">Vice Chairman<\/a><\/div><!-- Story Date --><div class=\"ctl-labels\"><div class=\"ctl-label-big story-date\">2011<\/div><\/div><!-- Story Description --><div class=\"ctl-description\"><p>\u00d6kten Companies Group<\/p>\n<\/div><\/div><\/div><!-- Timeline Content --><div  id=\"ctl-story-633\" class=\"ctl-story ctl-story-icon odd ctl-story-right\" data-aos=\"none\"   data-story-index=\"3\" role=\"article\"><!-- Story Icon --><div class=\"ctl-icon\"><i class=\"fa fa-clock-o\" aria-hidden=\"true\"><\/i><\/div> <!-- Story Arrow --><div class=\"ctl-arrow\"><\/div><!-- Story Content --><div class=\"ctl-content\"><!-- Story Title --><div class=\"ctl-title story-633\" aria-label=\"2\"><a target=\"_self\" title=\"Board Member\" href=\"https:\/\/www.eminokten.com.tr\/en\/cool_timeline\/oksan-mining\/\" class=\"story-link\">Board Member<\/a><\/div><!-- Story Date --><div class=\"ctl-labels\"><div class=\"ctl-label-big story-date\">2010<\/div><\/div><!-- Story Description --><div class=\"ctl-description\"><p>\u00d6ksan Mining<\/p>\n<\/div><\/div><\/div><!-- Timeline Content --><div  id=\"ctl-story-634\" class=\"ctl-story ctl-story-icon even ctl-story-left\" data-aos=\"none\"   data-story-index=\"4\" role=\"article\"><!-- Story Icon --><div class=\"ctl-icon\"><i class=\"fa fa-clock-o\" aria-hidden=\"true\"><\/i><\/div> <!-- Story Arrow --><div class=\"ctl-arrow\"><\/div><!-- Story Content --><div class=\"ctl-content\"><!-- Story Title --><div class=\"ctl-title story-634\" aria-label=\"2\"><a target=\"_self\" title=\"Board Member\" href=\"https:\/\/www.eminokten.com.tr\/en\/cool_timeline\/board-member-2\/\" class=\"story-link\">Board Member<\/a><\/div><!-- Story Date --><div class=\"ctl-labels\"><div class=\"ctl-label-big story-date\">2010<\/div><\/div><!-- Story Description --><div class=\"ctl-description\"><p>\u0130n\u015fara Construction<\/p>\n<\/div><\/div><\/div><!-- Timeline Content --><div  id=\"ctl-story-628\" class=\"ctl-story ctl-story-icon odd ctl-story-right\" data-aos=\"none\"   data-story-index=\"5\" role=\"article\"><!-- Story Icon --><div class=\"ctl-icon\"><i class=\"fa fa-clock-o\" aria-hidden=\"true\"><\/i><\/div> <!-- Story Arrow --><div class=\"ctl-arrow\"><\/div><!-- Story Content --><div class=\"ctl-content\"><!-- Story Title --><div class=\"ctl-title story-628\" aria-label=\"2\"><a target=\"_self\" title=\"Chairman\" href=\"https:\/\/www.eminokten.com.tr\/en\/cool_timeline\/chairman\/\" class=\"story-link\">Chairman<\/a><\/div><!-- Story Date --><div class=\"ctl-labels\"><div class=\"ctl-label-big story-date\">2006<\/div><\/div><!-- Story Description --><div class=\"ctl-description\"><p>Teknosafe Defense Industry<\/p>\n<\/div><\/div><\/div><!-- Timeline Content --><div  id=\"ctl-story-626\" class=\"ctl-story ctl-story-icon even ctl-story-left\" data-aos=\"none\"   data-story-index=\"6\" role=\"article\"><!-- Story Icon --><div class=\"ctl-icon\"><i class=\"fa fa-clock-o\" aria-hidden=\"true\"><\/i><\/div> <!-- Story Arrow --><div class=\"ctl-arrow\"><\/div><!-- Story Content --><div class=\"ctl-content\"><!-- Story Title --><div class=\"ctl-title story-626\" aria-label=\"2\"><a target=\"_self\" title=\"Board Member\" href=\"https:\/\/www.eminokten.com.tr\/en\/cool_timeline\/board-member\/\" class=\"story-link\">Board Member<\/a><\/div><!-- Story Date --><div class=\"ctl-labels\"><div class=\"ctl-label-big story-date\">2003<\/div><\/div><!-- Story Description --><div class=\"ctl-description\"><p>\u00d6kten Mining<\/p>\n<\/div><\/div><\/div>\t\t\t\t\t<\/div>\n\t\t\t\t\t<div class=\"ctl-end\"><\/div>\n\t\t\t\t\t\t\t\t\t<\/div>\n\t\t\t<\/div>\n\t\t\t[\/vc_column][\/vc_row][vc_row css_animation=&#8221;&#8221; row_type=&#8221;row&#8221; use_row_as_full_screen_section=&#8221;no&#8221; type=&#8221;full_width&#8221; angled_section=&#8221;no&#8221; text_align=&#8221;left&#8221; background_image_as_pattern=&#8221;without_pattern&#8221; css=&#8221;.vc_custom_1597614748988{margin-top: -130px !important;}&#8221; z_index=&#8221;&#8221;][vc_column][vc_row_inner row_type=&#8221;row&#8221; type=&#8221;grid&#8221; text_align=&#8221;center&#8221; css_animation=&#8221;&#8221; css=&#8221;.vc_custom_1597614407419{margin-right: 30px !important;margin-left: 30px !important;border-bottom-width: 50px !important;}&#8221;][vc_column_inner width=&#8221;1\/6&#8243; offset=&#8221;vc_hidden-sm vc_hidden-xs&#8221;][\/vc_column_inner][vc_column_inner offset=&#8221;vc_col-md-8&#8243;][qode_elements_holder number_of_columns=&#8221;one_column&#8221; alignment_one_column=&#8221;center&#8221;][qode_elements_holder_item advanced_animations=&#8221;no&#8221; item_padding=&#8221;100px 0px&#8221; item_padding_1280_1440=&#8221;150px 0px&#8221; item_padding_1024_1280=&#8221;150px 0px&#8221; item_padding_768_1024=&#8221;121px 0px&#8221; item_padding_600_768=&#8221;116px 0px&#8221; item_padding_480=&#8221;30px 0px&#8221;]<div class=\"qode_video_box disabled_hover_overlay\">\n\t<a itemprop=\"image\" class=\"qode_video_image\" href=\"https:\/\/youtu.be\/lpqWwN0Sduo\" data-rel=\"prettyPhoto\" target=\"_blank\" rel=\"noopener\">\n\t\t\t\t\t\t\t\t<span class=\"qode_video_box_button_holder\">\n\t\t\t\t<span class=\"qode_video_box_button\">\n\t\t\t\t\t<span class=\"qode_video_box_button_arrow\">\n\t\t\t\t\t<\/span>\n\t\t\t\t<\/span>\n\t\t\t<\/span>\n\t\t\t<\/a>\n<\/div>[\/qode_elements_holder_item][\/qode_elements_holder][\/vc_column_inner][vc_column_inner width=&#8221;1\/6&#8243; offset=&#8221;vc_hidden-sm vc_hidden-xs&#8221;][\/vc_column_inner][\/vc_row_inner][\/vc_column][\/vc_row][vc_row css_animation=&#8221;&#8221; row_type=&#8221;row&#8221; use_row_as_full_screen_section=&#8221;no&#8221; type=&#8221;full_width&#8221; angled_section=&#8221;no&#8221; text_align=&#8221;left&#8221; background_image_as_pattern=&#8221;without_pattern&#8221; css=&#8221;.vc_custom_1597614286796{margin-top: 50px !important;background-color: #2f2a2d !important;}&#8221; z_index=&#8221;&#8221;][vc_column][qode_elements_holder number_of_columns=&#8221;one_column&#8221;][qode_elements_holder_item advanced_animations=&#8221;no&#8221; item_padding=&#8221;50px 7% 20px&#8221;][qode_clients columns=&#8221;five_columns&#8221; hover_effect=&#8221;switch_img&#8221; switch_effect=&#8221;switch_fade&#8221; disable_separators=&#8221;yes&#8221;][qode_client link_target=&#8221;_self&#8221; image=&#8221;569&#8243; hover_image=&#8221;570&#8243; link=&#8221;http:\/\/www.oktengroup.net&#8221;][qode_client link_target=&#8221;_self&#8221; image=&#8221;566&#8243; hover_image=&#8221;567&#8243; link=&#8221;http:\/\/okten.av.tr\/&#8221;][qode_client link_target=&#8221;_self&#8221; image=&#8221;713&#8243; hover_image=&#8221;711&#8243; link=&#8221;http:\/\/www.insara.net\/index.html&#8221;][qode_client link_target=&#8221;_self&#8221; image=&#8221;573&#8243; hover_image=&#8221;572&#8243; link=&#8221;http:\/\/www.teknosafe.net\/&#8221;][qode_client link_target=&#8221;_self&#8221; image=&#8221;932&#8243; hover_image=&#8221;933&#8243; link=&#8221;#&#8221;][\/qode_clients][\/qode_elements_holder_item][\/qode_elements_holder][\/vc_column][\/vc_row]<\/p>\n<\/div>","protected":false},"excerpt":{"rendered":"<p>[vc_row css_animation=&#8221;&#8221; row_type=&#8221;row&#8221; use_row_as_full_screen_section=&#8221;no&#8221; type=&#8221;full_width&#8221; angled_section=&#8221;no&#8221; text_align=&#8221;center&#8221; background_image_as_pattern=&#8221;without_pattern&#8221; css=&#8221;.vc_custom_1597570675501{background-color: #e5e5e5 !important;background-position: center !important;background-repeat: no-repeat !important;background-size: cover !important;}&#8221; z_index=&#8221;&#8221;][vc_column css=&#8221;.vc_custom_1597581128149{margin-top: 50px !important;}&#8221;][vc_column_text] Av. Emin \u00d6KTEN [\/vc_column_text][qode_elements_holder number_of_columns=&#8221;one_column&#8221;][qode_elements_holder_item horizontal_alignment=&#8221;left&#8221; advanced_animations=&#8221;no&#8221; item_padding=&#8221;20px 25% 20px&#8221; item_padding_1280_1440=&#8221;0px 23% 58px&#8221; item_padding_1024_1280=&#8221;0px 23% 58px&#8221; item_padding_768_1024=&#8221;0px 15% 58px&#8221; item_padding_600_768=&#8221;0px 6% 45px&#8221; item_padding_480_600=&#8221;0px 7%&#8230;<\/p>\n","protected":false},"author":1,"featured_media":0,"parent":0,"menu_order":0,"comment_status":"closed","ping_status":"closed","template":"full_width.php","meta":{"footnotes":""},"class_list":["post-289","page","type-page","status-publish","hentry"],"_links":{"self":[{"href":"https:\/\/www.eminokten.com.tr\/en\/wp-json\/wp\/v2\/pages\/289","targetHints":{"allow":["GET"]}}],"collection":[{"href":"https:\/\/www.eminokten.com.tr\/en\/wp-json\/wp\/v2\/pages"}],"about":[{"href":"https:\/\/www.eminokten.com.tr\/en\/wp-json\/wp\/v2\/types\/page"}],"author":[{"embeddable":true,"href":"https:\/\/www.eminokten.com.tr\/en\/wp-json\/wp\/v2\/users\/1"}],"replies":[{"embeddable":true,"href":"https:\/\/www.eminokten.com.tr\/en\/wp-json\/wp\/v2\/comments?post=289"}],"version-history":[{"count":0,"href":"https:\/\/www.eminokten.com.tr\/en\/wp-json\/wp\/v2\/pages\/289\/revisions"}],"wp:attachment":[{"href":"https:\/\/www.eminokten.com.tr\/en\/wp-json\/wp\/v2\/media?parent=289"}],"curies":[{"name":"wp","href":"https:\/\/api.w.org\/{rel}","templated":true}]}}