{"id":393,"date":"2020-07-19T12:20:41","date_gmt":"2020-07-19T09:20:41","guid":{"rendered":"http:\/\/eminokten.com.tr\/?page_id=393"},"modified":"2025-03-04T21:27:50","modified_gmt":"2025-03-04T18:27:50","slug":"dudak-yarasi","status":"publish","type":"page","link":"https:\/\/www.eminokten.com.tr\/en\/dudak-yarasi\/","title":{"rendered":"Dudak Yaras\u0131"},"content":{"rendered":"<p>BENIM ANNEM,<\/p>\n<p>Sana hediye almak istedim, param yetmedi&#8230;<\/p>\n<p>Aslinda param yeteri kadar vardi, ama paranin alabilece\u011fi \u015feyler de\u011fildi benim sana vermek istediklerim&#8230;.<\/p>\n<p>Annecim, sana sevgimi&#8230;.<\/p>\n<p>Sana saygimi&#8230;..<\/p>\n<p>Sana d\u00fcr\u00fcstl\u00fc\u011f\u00fcm\u00fc&#8230;.<\/p>\n<p>Ve en \u00f6nemlisi, senden sonra bile&#8230;. Hayirli ve Imanli bir evlat veriyorum&#8230;.<\/p>\n<p>\u00e7\u00fcnk\u00fc bu senin eserin&#8230;.<\/p>\n<p>Ve sana bu yaziyi yaziyorum&#8230;..<\/p>\n<p>DUDAK YARASI&#8230;.<\/p>\n<p>Be\u015f ya\u015finda yaramazmi yaramaz, sevimlimi sevimli bir \u00e7ocuk d\u00fc\u015f\u00fcn\u00fcn! Yana\u011finin sa\u011finda gamzesi&#8230;. Sol eliyle resim yapmaya \u00e7ali\u015fan&#8230;.ama \u00e7\u00f6p adam bile \u00e7izemeyen&#8230;. Bir dakika yerinde durmayan, ya\u015fli teyzelerin onu \u00f6pmesinden nefret eden, kara kuru, ince&#8230;durmadan soru soran, az uyuyan Bir akilli bidik! Evet o benim&#8230;<\/p>\n<p>Evde salonda cizgi film izliyorum&#8230;. Annem mutfakta yemek yapiyor&#8230;. Yine bir muzurluk d\u00fc\u015f\u00fcnceleri aklimda! Ilk defa, masanin \u00fcst\u00fcnde duran annemin cantasina yakla\u015fiyorum, i\u00e7ini aciyorum.. C\u00fczdani cikariyorum&#8230;. T\u00fcm paralari alip, ko\u015farak oturdu\u011fum koltu\u011fun altina sakliyorum&#8230; Yarim saat sonra kapici geliyor&#8230;. Annemin istedi\u011fi yemeklikleri getirmi\u015f&#8230;. Annem kapidan torbalari aliyor&#8230;. Salondaki cantasini aciyor&#8230; \u00e7\u00fczdana bakiyor, oda ne! Paralar yok&#8230;.<\/p>\n<p>Bana d\u00f6n\u00fcyor, ve soruyor&#8230;<\/p>\n<p>Emin senmi aldin?<\/p>\n<p>Neyi diyorum?<\/p>\n<p>\u00e7\u00fczdandaki paralari?<\/p>\n<p>Hayir Anne diyorum&#8230;.<\/p>\n<p>Birdaha ve son kez soruyorum Emin \u00e7\u00fczdandaki paralari senmi aldin??<\/p>\n<p>Hayir Anne ben almadim dedim ya! \u015eu televizyonunda \u00f6n\u00fcnden \u00e7ekilirmisin i\u00fctfen Heman &#8216;i g\u00f6remiyorum!<\/p>\n<p>Annem iceri gecip icerden para aliyor kapiciya veriyor&#8230; Yemek yapmaya devam ediyor&#8230;<\/p>\n<p>\u00dcff, ne terledim yaa&#8230;. Ne heyacanliymi\u015f&#8230;. Kih kih, nasil da kandirdim&#8230;. Kendi kendime hinzir hinzir g\u00fcl\u00fcyorum&#8230;. \u00e7izgi film bltsin diye bekliyorum&#8230;.Yirmi be\u015f dakka sonra<\/p>\n<p>Evet bitti&#8230;.<\/p>\n<p>Parayi aliyorum mutfaga geciyorum, Anne bak para burda! \u015eaka yaptim!<\/p>\n<p>Annem suratima bir tokat atiyor! \u00f6yle bir tokatki o, duda\u011fim patliyor! Yukari cik diyor! Cezalisin! Hatani d\u00fc\u015f\u00fcn!<\/p>\n<p>Yukari cikiyorum, nasil sinirliyim! \u015eaka yapmi\u015ftim ben sadece! Geri verdimki hem! Haketmedim ben bunu! Annem beni sevmiyor!<\/p>\n<p>Dudagim kaniyor ya! \u015ei\u015fti mosmor oldu! Annemi babama s\u00f6yleyece\u011fim. Annanemde s\u00f6yleyece\u011fim.<\/p>\n<p>On be\u015f dakka geciyor, farketmiyorum&#8230;.<\/p>\n<p>Annem diyorki sana bir hikaye anlatayim&#8230;.<\/p>\n<p>Sesizce dinliyorum&#8230;.<\/p>\n<p>Bir cocuk varmis&#8230;.<\/p>\n<p>Ilkokulda \u00f6nce arkada\u015flarinin silgisini kalemini alip eve getirmi\u015f&#8230;<\/p>\n<p>Annesi bi\u015fey demezmi\u015f&#8230;.<\/p>\n<p>Cocuk liseye gelmis arkada\u015flarinin daha b\u00fcy\u00fck e\u015fyalarini ve paralarini alirmi\u015f&#8230;. Hatta annesinin ihtiyaci olunca&#8230; Paradan verirmi\u015f Annesine&#8230; Anneside bir g\u00fcn olsa hi\u00e7 sormazmi\u015f bunlari nerden buldun, bu paralar nerden geliyor diye&#8230;..<\/p>\n<p>Seneler ge\u00e7mi\u015f&#8230;. Bir g\u00fcn b\u00fcy\u00fck bir soygun planlami\u015f \u00e7ocuk&#8230;. Ve soygunda, istemedende olsa \u00fc\u00e7 kisiyi \u00f6ld\u00fcrm\u00fc\u015f&#8230; Idama mahkum edilmi\u015f&#8230;.<\/p>\n<p>Sormu\u015flar son dile\u011fin nedir?<\/p>\n<p>Annemi yakindan g\u00f6r\u00fcp konu\u015fmak istiyorum&#8230;.<\/p>\n<p>Tamam demi\u015fler&#8230; Anneyi getirmi\u015fler&#8230;.<\/p>\n<p>Annecim yakla\u015firmisn bana l\u00fctfen&#8230;<\/p>\n<p>Annesi yakla\u015fmis&#8230;.<\/p>\n<p>O an \u00e7ocuk annesinin dilini yakalami\u015f di\u015fleriyle koparmi\u015f&#8230;.<\/p>\n<p>Annesi kan icinde!<\/p>\n<p>Niye yaptin demi\u015fler?? K\u00fc\u00e7\u00fckl\u00fc\u011f\u00fcmden beri bir g\u00fcn olsun, o diliyle annem beni uyarmadi&#8230; Bidi\u011fi halde, g\u00f6rd\u00fc\u011f\u00fc halde uyarmadi&#8230;. Uyarsa, ben bu hallere gelirmiydim demi\u015f?<\/p>\n<p>O an, dudagimin a\u011frisi gecmi\u015f yerini utanmaya birakmi\u015fti&#8230;.<\/p>\n<p>Ve annem dediki, o<\/p>\n<p>O\u011flum!<\/p>\n<p>Senin adin Emin!<\/p>\n<p>G\u00fcvenilir, d\u00fcr\u00fcst demek,<\/p>\n<p>Adina yara\u015fir bir hayat ya\u015fa&#8230; D\u00fcr\u00fcst ve g\u00fcvenilir olursan, adam gibi adam olursun, sirtin yere gelmez! Yoksa s\u00fcr\u00fcn\u00fcrs\u00fcn!<\/p>\n<p>Izinsiz, kimsenin bir\u015feyini kullanilmi\u015f kibrit \u00e7\u00f6p\u00fcn\u00fc bile alma! Senin yoksa, bekle zamani gelince senin de olur! Yok olmuyorsa, bilki senin icin hayirli de\u011fildir&#8230;. ve izinsiz kimsenin bir\u015feyini kari\u015ftirma, ailenin bile olsa&#8230;.<\/p>\n<p>Anladinmi o\u011flum?<\/p>\n<p>Ba\u015fimi kaldirdim evet anne dedim&#8230;.<\/p>\n<p>Aferim o\u011flum sana g\u00fcveniyorum! Hadi y\u00fcz\u00fcn\u00fc yikayalim&#8230;.<\/p>\n<p>Ve o g\u00fcn bana b\u00fcy\u00fck bir ders oldu&#8230;. Bir daha asla, birakin bir\u015fey almayi&#8230; Haset g\u00f6zle bile bakmadim&#8230;.<\/p>\n<p>Adim gibi Emin biri olmayi kendime ilke edindim&#8230;. Hz. Muhammed (S.A.V) Efendimizede, Muhammed\u00fcl Emin derlermi\u015f, yani g\u00fcvenilir Muhammed! Kendime bu yolu sectim, ve ne iyi ettim! o duda\u011fimi patladip bana o hikayeyi anlatan Annem! Bana ne g\u00fczel bir ders! Ne g\u00fczel bir hediye verdin! Yillar gecti, ne zaman, bir hirsizlik haberi okusam, izlesem o duda\u011fim sizlar benim!<\/p>\n<p>Te\u015fekk\u00fcr ederim Anne! Varli\u011fina! Her\u015feyine! Ben hakkimi helal ettim! Ne olur sende et! Dualarim seninle! Ne olur seninde Dualarin benimle olsun! Y\u00fcce Rabbim, yolumuzdan bizleri ayirmasin!<\/p>\n<p>Bana verdi\u011fin g\u00fczel hediyelere Anne&#8230;.<\/p>\n<p>Bende bu yaziyi yazdim nacizane&#8230;.<\/p>\n<p>L\u00fctfen kabul et Anne!<\/p>\n<p>EMIN \u00f6KTEN&#8230;<\/p>\n<p>7 HAziran 2010 00:27<\/p>\n","protected":false},"excerpt":{"rendered":"<p>BENIM ANNEM, Sana hediye almak istedim, param yetmedi&#8230; Aslinda param yeteri kadar vardi, ama paranin alabilece\u011fi \u015feyler de\u011fildi benim sana vermek istediklerim&#8230;. Annecim, sana sevgimi&#8230;. Sana saygimi&#8230;.. Sana d\u00fcr\u00fcstl\u00fc\u011f\u00fcm\u00fc&#8230;. Ve en \u00f6nemlisi, senden sonra bile&#8230;. Hayirli ve Imanli bir evlat veriyorum&#8230;. \u00e7\u00fcnk\u00fc bu senin eserin&#8230;&#8230;.<\/p>\n","protected":false},"author":1,"featured_media":0,"parent":0,"menu_order":0,"comment_status":"closed","ping_status":"closed","template":"","meta":{"footnotes":""},"class_list":["post-393","page","type-page","status-publish","hentry"],"_links":{"self":[{"href":"https:\/\/www.eminokten.com.tr\/en\/wp-json\/wp\/v2\/pages\/393","targetHints":{"allow":["GET"]}}],"collection":[{"href":"https:\/\/www.eminokten.com.tr\/en\/wp-json\/wp\/v2\/pages"}],"about":[{"href":"https:\/\/www.eminokten.com.tr\/en\/wp-json\/wp\/v2\/types\/page"}],"author":[{"embeddable":true,"href":"https:\/\/www.eminokten.com.tr\/en\/wp-json\/wp\/v2\/users\/1"}],"replies":[{"embeddable":true,"href":"https:\/\/www.eminokten.com.tr\/en\/wp-json\/wp\/v2\/comments?post=393"}],"version-history":[{"count":0,"href":"https:\/\/www.eminokten.com.tr\/en\/wp-json\/wp\/v2\/pages\/393\/revisions"}],"wp:attachment":[{"href":"https:\/\/www.eminokten.com.tr\/en\/wp-json\/wp\/v2\/media?parent=393"}],"curies":[{"name":"wp","href":"https:\/\/api.w.org\/{rel}","templated":true}]}}