{"id":409,"date":"2020-07-19T12:45:33","date_gmt":"2020-07-19T09:45:33","guid":{"rendered":"http:\/\/eminokten.com.tr\/?page_id=409"},"modified":"2020-08-16T01:58:20","modified_gmt":"2020-08-15T22:58:20","slug":"oglundan-babaya-mektup","status":"publish","type":"page","link":"https:\/\/www.eminokten.com.tr\/en\/oglundan-babaya-mektup\/","title":{"rendered":"O\u011flundan Babaya Mektup"},"content":{"rendered":"<p>BABA!<\/p>\n<p><\/p>\n<p>Ben do\u011fdum Baba&#8230;..<\/p>\n<p><\/p>\n<p>En sevdi\u011fim \u015fey ak\u015famlar\u0131 senin eve gelmendi&#8230;..<\/p>\n<p><\/p>\n<p>Seninle kur\u015fun askerlerle oynard\u0131k&#8230;..<\/p>\n<p><\/p>\n<p>Sen koltukta uzan\u0131rken, senin s\u0131rt\u0131na uzanirdim&#8230;.<\/p>\n<p><\/p>\n<p>K\u00fc\u00e7\u00fck ufac\u0131k bi\u015feydim&#8230;<\/p>\n<p><\/p>\n<p>Sen ise Kocaman bir adamd\u0131n&#8230;&#8230;<\/p>\n<p><\/p>\n<p>Ben b\u00fcy\u00fcyorum baba&#8230;<\/p>\n<p><\/p>\n<p>Babam ne g\u00fczel s\u00fcr\u00fcyor arabay\u0131&#8230;.<\/p>\n<p><\/p>\n<p>Ne kadar bilgili&#8230;..<\/p>\n<p><\/p>\n<p>Herkes etraf\u0131nda&#8230;&#8230;<\/p>\n<p><\/p>\n<p>\u00c7ok g\u00fc\u00e7l\u00fc Adam benim babam&#8230;..<\/p>\n<p><\/p>\n<p>Ben b\u00fcy\u00fcyorum Baba&#8230;&#8230;<\/p>\n<p><\/p>\n<p>Ama seni g\u00f6rmez oldum ben&#8230;..<\/p>\n<p><\/p>\n<p>\u00c7ok \u00e7al\u0131\u015f\u0131yorum, sizin i\u00e7in diyorsun&#8230;&#8230;<\/p>\n<p><\/p>\n<p>Yollar\u0131m uzak&#8230; i\u015fim \u00e7ok&#8230;&#8230;<\/p>\n<p><\/p>\n<p>Ama baba&#8230;Bu ben Seni \u00f6zler&#8230;&#8230;<\/p>\n<p><\/p>\n<p>Olsun gelece\u011fim diyorsun&#8230;.<\/p>\n<p><\/p>\n<p>Yine erteliyorsun sevgini&#8230;..<\/p>\n<p><\/p>\n<p>Yine erteliyorsun beni&#8230;&#8230;<\/p>\n<p><\/p>\n<p>Ben b\u00fcy\u00fcd\u00fcm Baba&#8230;&#8230;<\/p>\n<p><\/p>\n<p>Sen uzakta olunca.. Daha cabuk b\u00fcy\u00fcd\u00fcm&#8230;&#8230;<\/p>\n<p><\/p>\n<p>Annemle kavga ediyorsunuz&#8230;..cekip gidiyorsun&#8230;&#8230;<\/p>\n<p><\/p>\n<p>Evde o g\u00fc\u00e7, o tat yok art\u0131k&#8230;&#8230;<\/p>\n<p><\/p>\n<p>Toparlan\u0131yorum, b\u00fcy\u00fcd\u00fcm ya&#8230;&#8230;<\/p>\n<p><\/p>\n<p>Yan\u0131na geliyorum&#8230;Haberin olmadan&#8230;.<\/p>\n<p><\/p>\n<p>Beni g\u00f6r\u00fcyorsun \u015fa\u015f\u0131r\u0131yorsun&#8230;&#8230;.<\/p>\n<p><\/p>\n<p>Efendim diyorsun&#8230;&#8230;<\/p>\n<p><\/p>\n<p>Sana tek bi\u015fey soraca\u011f\u0131m baba!<\/p>\n<p><\/p>\n<p>Neden eve gelmiyorsun????<\/p>\n<p><\/p>\n<p>Bana bak\u0131yorsun&#8230;. sadece&#8230;..<\/p>\n<p><\/p>\n<p>Ve diyorsunki B\u00fcy\u00fcnce anlars\u0131n!!!<\/p>\n<p><\/p>\n<p>Kan beynime firliyor!<\/p>\n<p><\/p>\n<p>B\u00f6\u011f\u00fcre b\u00f6\u011f\u00fcre a\u011fl\u0131yorum!!!<\/p>\n<p><\/p>\n<p>Babam beni adamdan saymad\u0131 diye&#8230;.<\/p>\n<p><\/p>\n<p>O g\u00fcn kendime s\u00f6z veriyorum&#8230;..<\/p>\n<p><\/p>\n<p>B\u00fcy\u00fck adam olaca\u011f\u0131m Herkes bana sayg\u0131 duyacak&#8230;..<\/p>\n<p><\/p>\n<p>\u00c7ekip gidiyorum yan\u0131ndan&#8230;.<\/p>\n<p><\/p>\n<p>Y\u0131llar geciyor Baba&#8230;.<\/p>\n<p><\/p>\n<p>Baba Koca koca da\u011flar\u0131 deldin &#8230;.<\/p>\n<p><\/p>\n<p>Ad\u0131n\u0131 yazd\u0131n \u015fu koca \u015fehire..<\/p>\n<p><\/p>\n<p>Adam gibi Adams\u0131n! Erkek gibi Erkek!<\/p>\n<p><\/p>\n<p>ama bukadarm\u0131 zordu&#8230;.<\/p>\n<p><\/p>\n<p>Seni seven kad\u0131na seni seviyorum demek!<\/p>\n<p><\/p>\n<p>Beni sevdi\u011fin halde \u00f6pememek koklayamamak zor gelmedimi?<\/p>\n<p><\/p>\n<p>S\u0131rt\u0131nda biriken a\u011f\u0131rl\u0131klar belini b\u00fckmedimi????<\/p>\n<p><\/p>\n<p>Etraf\u0131ndak\u0131 adamlardan kac\u0131 sevdi seni e\u015fin ve evlad\u0131n gibi?<\/p>\n<p><\/p>\n<p>Hep erteledin bizi&#8230;. Bizle vakit ge\u00e7irmeyi&#8230;&#8230;<\/p>\n<p><\/p>\n<p>\u0130\u00e7indeki sevgini erteledin&#8230; Asl\u0131nda sen! Sen olmay\u0131 erteledin&#8230;.<\/p>\n<p><\/p>\n<p>Y\u0131llar ge\u00e7ti Baba&#8230;.<\/p>\n<p><\/p>\n<p>Ne \u00e7abuk vaz ge\u00e7tin?<\/p>\n<p><\/p>\n<p>Nerdesin Baba?<\/p>\n<p><\/p>\n<p>Hani beraber gezecektik?<\/p>\n<p><\/p>\n<p>Hani Basket oynayacakt\u0131k?<\/p>\n<p><\/p>\n<p>Hani K\u0131z arkada\u015f\u0131mla tan\u0131\u015ft\u0131rcakt\u0131m seni?<\/p>\n<p><\/p>\n<p>Ah be Baba&#8230;.<\/p>\n<p><\/p>\n<p>Neden ge\u00e7 oldu dersin?<\/p>\n<p><\/p>\n<p>Nerdesinnnn? !<\/p>\n<p><\/p>\n<p>\u00c7a\u011f\u0131rd\u0131\u011f\u0131nda gelirim derdin?<\/p>\n<p><\/p>\n<p>Gelsene!!<\/p>\n<p><\/p>\n<p>Ah be Baba&#8230;.<\/p>\n<p><\/p>\n<p>B\u00fcy\u00fcd\u00fcm Ben Baba&#8230;.<\/p>\n<p><\/p>\n<p>Ya\u015f\u0131m Elli oldu&#8230;.<\/p>\n<p><\/p>\n<p>\u015eimdide en \u00e7ok istedi\u011fim \u015fey&#8230;..<\/p>\n<p><\/p>\n<p>Tekrar O ev kap\u0131s\u0131ndan i\u00e7eri girmen&#8230;&#8230;..<\/p>\n<p><\/p>\n<p>EM\u0130N \u00d6KTEN&#8230;<\/p>\n<p>7 Haziran 2010 00:43<\/p>\n","protected":false},"excerpt":{"rendered":"<p>BABA! Ben do\u011fdum Baba&#8230;.. En sevdi\u011fim \u015fey ak\u015famlar\u0131 senin eve gelmendi&#8230;.. Seninle kur\u015fun askerlerle oynard\u0131k&#8230;.. Sen koltukta uzan\u0131rken, senin s\u0131rt\u0131na uzanirdim&#8230;. K\u00fc\u00e7\u00fck ufac\u0131k bi\u015feydim&#8230; Sen ise Kocaman bir adamd\u0131n&#8230;&#8230; Ben b\u00fcy\u00fcyorum baba&#8230; Babam ne g\u00fczel s\u00fcr\u00fcyor arabay\u0131&#8230;. Ne kadar bilgili&#8230;.. Herkes etraf\u0131nda&#8230;&#8230; \u00c7ok g\u00fc\u00e7l\u00fc Adam&#8230;<\/p>\n","protected":false},"author":1,"featured_media":0,"parent":0,"menu_order":0,"comment_status":"closed","ping_status":"closed","template":"","meta":{"footnotes":""},"class_list":["post-409","page","type-page","status-publish","hentry"],"_links":{"self":[{"href":"https:\/\/www.eminokten.com.tr\/en\/wp-json\/wp\/v2\/pages\/409","targetHints":{"allow":["GET"]}}],"collection":[{"href":"https:\/\/www.eminokten.com.tr\/en\/wp-json\/wp\/v2\/pages"}],"about":[{"href":"https:\/\/www.eminokten.com.tr\/en\/wp-json\/wp\/v2\/types\/page"}],"author":[{"embeddable":true,"href":"https:\/\/www.eminokten.com.tr\/en\/wp-json\/wp\/v2\/users\/1"}],"replies":[{"embeddable":true,"href":"https:\/\/www.eminokten.com.tr\/en\/wp-json\/wp\/v2\/comments?post=409"}],"version-history":[{"count":0,"href":"https:\/\/www.eminokten.com.tr\/en\/wp-json\/wp\/v2\/pages\/409\/revisions"}],"wp:attachment":[{"href":"https:\/\/www.eminokten.com.tr\/en\/wp-json\/wp\/v2\/media?parent=409"}],"curies":[{"name":"wp","href":"https:\/\/api.w.org\/{rel}","templated":true}]}}