{"id":494,"date":"2020-07-19T14:01:33","date_gmt":"2020-07-19T11:01:33","guid":{"rendered":"http:\/\/eminokten.com.tr\/?page_id=494"},"modified":"2025-08-06T14:31:59","modified_gmt":"2025-08-06T11:31:59","slug":"egitimde-ben-gercegi","status":"publish","type":"page","link":"https:\/\/www.eminokten.com.tr\/en\/egitimde-ben-gercegi\/","title":{"rendered":"E\u011e\u0130T\u0130MDE BEN  GER\u00c7E\u011e\u0130"},"content":{"rendered":"<p>\u00a0<\/p>\n<p>Hayatim boyunca, T\u00fcrkiyedeki Egitim Sistemiyle barisamadim&#8230;..<\/p>\n<p>\u00a0<\/p>\n<p>Ilkokulda, en gec ben okumayi s\u00f6kt\u00fcm,<\/p>\n<p>En gec ben yazmayi becerdim&#8230;.<\/p>\n<p>\u00a0<\/p>\n<p>Hep yalnizdim&#8230; Hep tek tekel&#8230;<\/p>\n<p>Gruplasmalar bana hep sacma geldi&#8230;.<\/p>\n<p>\u00f6zel okulda okumama ragmen, okula pis pasakli gelenlerle hic yildizim barismadi&#8230;..<\/p>\n<p>\u00a0<\/p>\n<p>Sinifin hep en uzunuydum, en arkada oturmam gerektigi halde, cok yaramazim diye en \u00f6nde oturturdu ilkokul hocam, T\u00fclay hoca&#8230;.<\/p>\n<p>\u00a0<\/p>\n<p>Bana o kadar g\u00fczel emekleri olduki Allah ondan razi olsun&#8230;.<\/p>\n<p>Bide Annem tabikide, yilmadan uyumadan, benimle beraber okudu koca seneleri, tekrar tekrar&#8230;..<\/p>\n<p>\u00a0<\/p>\n<p>Kopya cekmek, ne b\u00fcy\u00fck bir icatti&#8230;.<\/p>\n<p>Ama \u00f6grenemiyordum,<\/p>\n<p>Onuda terk ettim, Ilk kolayligimi&#8230;..<\/p>\n<p>\u00a0<\/p>\n<p>Orta okul, kendi tarzimi oturtugum, nasil bir yol izlemek istedigimi, \u00f6grendigim seneler,<\/p>\n<p>Populerlik, ve agizdaki di\u015f telleri<\/p>\n<p>Tezatlardan, ben buyum demeler, kavgalar g\u00fcr\u00fclt\u00fcler&#8230;<\/p>\n<p>Ama yilmamalar&#8230;. hemde asla&#8230;<\/p>\n<p>\u00a0<\/p>\n<p>Lise, dananin kuyrugunun koptugu d\u00f6nem,<\/p>\n<p>Var olma m\u00fccadelesi ama \u00f6yle b\u00f6yle degil&#8230;.<\/p>\n<p>Tarihe gecen kavgalar, efsaneler&#8230;&#8230;<\/p>\n<p>\u00a0<\/p>\n<p>Bukadar gecen senelere, ragmen, o b\u00fct\u00fcn hocalarimdan duydugum, sen saygili efendi, kendi yolunu cizen ve kendi yolu icin m\u00fccadele eden, baskalari tarafindan cekilemiyen farkli bir cocuktun&#8230;..<\/p>\n<p>Oyuncu yaramaz ama saygida kusur etmeyen&#8230;.<\/p>\n<p>Matematik formulleerini ezberleyemeyen, O form\u00fcllerin nasil ortaya ciktigini arastiran vsvs&#8230;.<\/p>\n<p>\u00a0<\/p>\n<p>Benim ne oldugumdan cok , o saygi deger emektar insanlarin s\u00f6yledikleri benim icin paha bicilememz&#8230;.<\/p>\n<p>\u00a0<\/p>\n<p>\u00dcniversite yillarimi, 9 sene, dolu dolu&#8230;.<\/p>\n<p>Hatta demirba\u015f olmustum&#8230;<\/p>\n<p>Tabikide, yalniz gecen 9 sene&#8230; Tek basina&#8230;.<\/p>\n<p>Etrafinda bir cok insan&#8230;.<\/p>\n<p>Ama ben yine yalniz&#8230;..<\/p>\n<p>\u00a0<\/p>\n<p>Sonucmu nedir?<\/p>\n<p>Sinif ba\u015fkani&#8230;.<\/p>\n<p>Okul baskani&#8230;.<\/p>\n<p>Onur kurulu ba\u015fkani&#8230;..<\/p>\n<p>Lise okul \u00fcc\u00fcnc\u00fcs\u00fc&#8230;.<\/p>\n<p>Lise tek hukuka giren&#8230;&#8230;.<\/p>\n<p>Okul tarihinde adi en cok kavgaya karisan insan&#8230;&#8230;.<\/p>\n<p>T\u00fcbitak Onur \u00f6d\u00fcl\u00fc&#8230;..<\/p>\n<p>Ingilizce Felsefe yarismasi birincisi&#8230;..<\/p>\n<p>Hizli ve dogru okuma birincisi&#8230;..<\/p>\n<p>\u015eiir okuma, yazma birincilikleri&#8230;&#8230;<\/p>\n<p>Atletizim kaptani,<\/p>\n<p>Basketboll, birinciligi vsvsvs&#8230;.<\/p>\n<p>\u00a0<\/p>\n<p>Bunlari \u015fuan, \u00fcniversite kampusumde disardaki kantinde oturmus, aklima geldi yaziyorum&#8230;.<\/p>\n<p>\u00a0<\/p>\n<p>Yasadigim, k\u00f6t\u00fc beni \u00fczen hic birseyi yazmadim&#8230;<\/p>\n<p>Yazmak istemedim..<\/p>\n<p>Kisa \u00f6zetlerini ve sonuclarini yazdim&#8230;<\/p>\n<p>\u00a0<\/p>\n<p>Cikarilicak ana tema= NEFES ALDIGINIZ S\u00dcRE BOYUNCA ASLA YILMAYIN VE PES ETMEYIN&#8230;..<\/p>\n<p>\u00a0<\/p>\n<p>Bana iyi davranan, k\u00f6t\u00fc davranan, beni anlayan, anlamayan T\u00dcM HOCALARIMIN BENDE AZ YADA COK EMEKLERI VARDIR&#8230;<\/p>\n<p>Onlarin o davranislari bana hayatin gerceklerini erken g\u00f6sterdi&#8230;&#8230;<\/p>\n<p>Hepsine cok te\u015fekk\u00fcrler&#8230;.<\/p>\n<p>\u00a0<\/p>\n<p>Asil iki mesele= Saygili olmak, ve m\u00fccadeleden yilmamak&#8230;&#8230;<\/p>\n<p>\u00a0<\/p>\n<p>Saygi ve Sevgilerimle&#8230;.<\/p>\n<p>EM\u0130N \u00d6KTEN&#8230;<\/p>\n<p>7 Nisan 2011 17:16<\/p>\n","protected":false},"excerpt":{"rendered":"<p>\u00a0 Hayatim boyunca, T\u00fcrkiyedeki Egitim Sistemiyle barisamadim&#8230;.. \u00a0 Ilkokulda, en gec ben okumayi s\u00f6kt\u00fcm, En gec ben yazmayi becerdim&#8230;. \u00a0 Hep yalnizdim&#8230; Hep tek tekel&#8230; Gruplasmalar bana hep sacma geldi&#8230;. \u00f6zel okulda okumama ragmen, okula pis pasakli gelenlerle hic yildizim barismadi&#8230;.. \u00a0 Sinifin hep en&#8230;<\/p>\n","protected":false},"author":1,"featured_media":0,"parent":0,"menu_order":0,"comment_status":"closed","ping_status":"closed","template":"","meta":{"footnotes":""},"class_list":["post-494","page","type-page","status-publish","hentry"],"_links":{"self":[{"href":"https:\/\/www.eminokten.com.tr\/en\/wp-json\/wp\/v2\/pages\/494","targetHints":{"allow":["GET"]}}],"collection":[{"href":"https:\/\/www.eminokten.com.tr\/en\/wp-json\/wp\/v2\/pages"}],"about":[{"href":"https:\/\/www.eminokten.com.tr\/en\/wp-json\/wp\/v2\/types\/page"}],"author":[{"embeddable":true,"href":"https:\/\/www.eminokten.com.tr\/en\/wp-json\/wp\/v2\/users\/1"}],"replies":[{"embeddable":true,"href":"https:\/\/www.eminokten.com.tr\/en\/wp-json\/wp\/v2\/comments?post=494"}],"version-history":[{"count":0,"href":"https:\/\/www.eminokten.com.tr\/en\/wp-json\/wp\/v2\/pages\/494\/revisions"}],"wp:attachment":[{"href":"https:\/\/www.eminokten.com.tr\/en\/wp-json\/wp\/v2\/media?parent=494"}],"curies":[{"name":"wp","href":"https:\/\/api.w.org\/{rel}","templated":true}]}}