{"id":738,"date":"2020-08-06T11:54:46","date_gmt":"2020-08-06T08:54:46","guid":{"rendered":"http:\/\/eminokten.com.tr\/?page_id=738"},"modified":"2025-08-06T13:58:51","modified_gmt":"2025-08-06T10:58:51","slug":"siirleri","status":"publish","type":"page","link":"https:\/\/www.eminokten.com.tr\/en\/siirleri\/","title":{"rendered":"POETRY"},"content":{"rendered":"<div class=\"wpb-content-wrapper\"><p>[vc_row css_animation=&#8221;&#8221; row_type=&#8221;row&#8221; use_row_as_full_screen_section=&#8221;no&#8221; type=&#8221;full_width&#8221; angled_section=&#8221;no&#8221; text_align=&#8221;center&#8221; background_image_as_pattern=&#8221;without_pattern&#8221; css=&#8221;.vc_custom_1596919408727{background-image: url(http:\/\/bridge175.qodeinteractive.com\/wp-content\/uploads\/2018\/03\/team-content-background-img.jpg?id=210) !important;background-position: center !important;background-repeat: no-repeat !important;background-size: cover !important;}&#8221; z_index=&#8221;&#8221;][vc_column][qode_elements_holder number_of_columns=&#8221;one_column&#8221;][qode_elements_holder_item advanced_animations=&#8221;no&#8221; item_padding=&#8221;90px 32% 58px&#8221; item_padding_1280_1440=&#8221;90px 23% 108px&#8221; item_padding_1024_1280=&#8221;90px 23% 92px&#8221; item_padding_768_1024=&#8221;90px 15% 71px&#8221; item_padding_600_768=&#8221;90px 6% 45px&#8221; item_padding_480_600=&#8221;90px 7% 30px&#8221; item_padding_480=&#8221;90px 7% 30px&#8221;][vc_column_text]<\/p>\n<h3><a href=\"https:\/\/www.eminokten.com.tr\/oglundan-babaya-mektup\/\" target=\"_blank\" rel=\"noopener noreferrer\">O\u011eLUNDAN BABAYA MEKTUP<\/a><\/h3>\n<p>BABA!<\/p>\n<p>Ben do\u011fdum Baba\u2026..<\/p>\n<p>En sevdi\u011fim \u015fey ak\u015famlar\u0131 senin eve gelmendi\u2026..<\/p>\n<p>Seninle kur\u015fun askerlerle oynard\u0131k\u2026..<\/p>\n<p>Sen koltukta uzan\u0131rken, senin s\u0131rt\u0131na uzan\u0131rd\u0131m\u2026.<\/p>\n<p style=\"text-align: center;\"><strong><a href=\"https:\/\/www.eminokten.com.tr\/oglundan-babaya-mektup\/\" target=\"_blank\" rel=\"noopener noreferrer\">okumaya devam et<\/a><\/strong><\/p>\n<p>[\/vc_column_text][\/qode_elements_holder_item][\/qode_elements_holder][qode_elements_holder number_of_columns=&#8221;one_column&#8221;][qode_elements_holder_item advanced_animations=&#8221;no&#8221; item_padding=&#8221;90px 32% 58px&#8221; item_padding_1280_1440=&#8221;90px 23% 108px&#8221; item_padding_1024_1280=&#8221;90px 23% 92px&#8221; item_padding_768_1024=&#8221;90px 15% 71px&#8221; item_padding_600_768=&#8221;90px 6% 45px&#8221; item_padding_480_600=&#8221;90px 7% 30px&#8221; item_padding_480=&#8221;90px 7% 30px&#8221;][vc_column_text]<\/p>\n<h3><a href=\"https:\/\/www.eminokten.com.tr\/kadinim\/\" target=\"_blank\" rel=\"noopener noreferrer\">KADINIM<\/a><\/h3>\n<p>Seni yalniz ba\u015fina biraktigim o yere geldim&#8230;..<\/p>\n<p>Terketmi\u015ftim seni o karanlik gecede&#8230;..<\/p>\n<p>SensiZ ya\u015fayamayacagimi d\u00fc\u015f\u00fcnen ben!<\/p>\n<p>Umutsuzca arkami d\u00f6nd\u00fcm ve gittim&#8230;.<\/p>\n<p>Y\u00fcregimdeki aci diner belki diye&#8230;<\/p>\n<p>Hep uzaklara gittim&#8230;.<\/p>\n<p>Arkama bile bakmadan&#8230;&#8230;<\/p>\n<p style=\"text-align: center;\"><strong><a href=\"https:\/\/www.eminokten.com.tr\/kadinim\/\" target=\"_blank\" rel=\"noopener noreferrer\">okumaya devam et<\/a><\/strong><\/p>\n<p>[\/vc_column_text][\/qode_elements_holder_item][\/qode_elements_holder][qode_elements_holder number_of_columns=&#8221;one_column&#8221;][qode_elements_holder_item advanced_animations=&#8221;no&#8221; item_padding=&#8221;90px 32% 58px&#8221; item_padding_1280_1440=&#8221;90px 23% 108px&#8221; item_padding_1024_1280=&#8221;90px 23% 92px&#8221; item_padding_768_1024=&#8221;90px 15% 71px&#8221; item_padding_600_768=&#8221;90px 6% 45px&#8221; item_padding_480_600=&#8221;90px 7% 30px&#8221; item_padding_480=&#8221;90px 7% 30px&#8221;][vc_column_text]<\/p>\n<h3><a href=\"https:\/\/www.eminokten.com.tr\/dudak_yarasi\/\" target=\"_blank\" rel=\"noopener noreferrer\">DUDAK YARASI<\/a><\/h3>\n<p>Sana hediye almak istedim, param yetmedi&#8230;<\/p>\n<p>Asl\u0131nda param yeteri kadar vardi, ama paran\u0131n alabilece\u011fi \u015feyler de\u011fildi benim sana vermek istediklerim&#8230;.<\/p>\n<p>Annecim, sana sevgimi&#8230;.<\/p>\n<p>Sana sayg\u0131m\u0131&#8230;..<\/p>\n<p>Sana d\u00fcr\u00fcstl\u00fc\u011f\u00fcm\u00fc&#8230;.<\/p>\n<p>Ve en \u00f6nemlisi, senden sonra bile&#8230;. Hay\u0131rl\u0131 ve \u0130manl\u0131 bir evlat veriyorum&#8230;.<\/p>\n<p>\u00e7\u00fcnk\u00fc bu senin eserin&#8230;.<\/p>\n<p>Ve sana bu yaz\u0131y\u0131 yaz\u0131yorum&#8230;..<\/p>\n<p style=\"text-align: center;\"><strong><a href=\"https:\/\/www.eminokten.com.tr\/dudak_yarasi\/\" target=\"_blank\" rel=\"noopener noreferrer\">okumaya devam et<\/a><\/strong><\/p>\n<p>[\/vc_column_text][\/qode_elements_holder_item][\/qode_elements_holder][qode_elements_holder number_of_columns=&#8221;one_column&#8221;][qode_elements_holder_item advanced_animations=&#8221;no&#8221; item_padding=&#8221;90px 32% 58px&#8221; item_padding_1280_1440=&#8221;90px 23% 108px&#8221; item_padding_1024_1280=&#8221;90px 23% 92px&#8221; item_padding_768_1024=&#8221;90px 15% 71px&#8221; item_padding_600_768=&#8221;90px 6% 45px&#8221; item_padding_480_600=&#8221;90px 7% 30px&#8221; item_padding_480=&#8221;90px 7% 30px&#8221;][vc_column_text]<\/p>\n<h3><a href=\"https:\/\/www.eminokten.com.tr\/bir-kopegin-ihaneti-ve-bir-annenin-merhameti\/\">B\u0130R K\u00d6PE\u011e\u0130N \u0130HANET\u0130 VE B\u0130R ANNEN\u0130N MERHAMET\u0130<\/a><\/h3>\n<p>Ya\u015f\u0131m on iki\u2026<\/p>\n<p>G\u00fcnlerden pazar\u2026<\/p>\n<p>\u00e7ok g\u00fczel bir g\u00fcn\u2026.<\/p>\n<p>Di\u015farda hava da \u00e7ok g\u00fczel\u2026.<\/p>\n<p>Kahvaltimi yapiyorum\u2026.Bahceye inip, basket oynamak i\u00e7in sabirsizlaniyorum\u2026.<\/p>\n<p style=\"text-align: center;\"><strong><a href=\"https:\/\/www.eminokten.com.tr\/bir-kopegin-ihaneti-ve-bir-annenin-merhameti\/\" target=\"_blank\" rel=\"noopener noreferrer\">okumaya devam et<\/a><\/strong><\/p>\n<p>[\/vc_column_text][\/qode_elements_holder_item][\/qode_elements_holder][qode_elements_holder number_of_columns=&#8221;one_column&#8221;][qode_elements_holder_item advanced_animations=&#8221;no&#8221; item_padding=&#8221;90px 32% 58px&#8221; item_padding_1280_1440=&#8221;90px 23% 108px&#8221; item_padding_1024_1280=&#8221;90px 23% 92px&#8221; item_padding_768_1024=&#8221;90px 15% 71px&#8221; item_padding_600_768=&#8221;90px 6% 45px&#8221; item_padding_480_600=&#8221;90px 7% 30px&#8221; item_padding_480=&#8221;90px 7% 30px&#8221;][vc_column_text]<\/p>\n<h3><a href=\"https:\/\/www.eminokten.com.tr\/yagmurlu-bir-gece\/\">BU KOCA \u015eEH\u0130RDE YA\u011eMURLU B\u0130R GECE<\/a><\/h3>\n<p>Evimde yatagimda uzaniyordum&#8230;..<br \/>\nCam acik, tv seyrediyordum&#8230;<br \/>\nSoguk bir esinti girdi iceri&#8230;.<br \/>\nDestursuz&#8230;. Teredd\u00fczs\u00fcz&#8230;<br \/>\nBen, \u00e7ik disari bile diyemeden&#8230;.<br \/>\nEsintinin arkasindan, aydinlandi etraf&#8230; T\u00fcm ciplakligiyla&#8230;.<br \/>\nBu koca \u015eehir \u00fcst\u00fcn\u00fc bile \u00f6rtemeden&#8230;.<\/p>\n<p style=\"text-align: center;\"><strong><a href=\"https:\/\/www.eminokten.com.tr\/yagmurlu-bir-gece\/\" target=\"_blank\" rel=\"noopener noreferrer\">okumaya devam et<\/a><\/strong><\/p>\n<p>[\/vc_column_text][\/qode_elements_holder_item][\/qode_elements_holder][qode_elements_holder number_of_columns=&#8221;one_column&#8221;][qode_elements_holder_item advanced_animations=&#8221;no&#8221; item_padding=&#8221;90px 32% 58px&#8221; item_padding_1280_1440=&#8221;90px 23% 108px&#8221; item_padding_1024_1280=&#8221;90px 23% 92px&#8221; item_padding_768_1024=&#8221;90px 15% 71px&#8221; item_padding_600_768=&#8221;90px 6% 45px&#8221; item_padding_480_600=&#8221;90px 7% 30px&#8221; item_padding_480=&#8221;90px 7% 30px&#8221;][vc_column_text]<\/p>\n<h3><a href=\"https:\/\/www.eminokten.com.tr\/duvar\/\">DUVAR<\/a><\/h3>\n<p style=\"text-align: center;\">Ya\u015fama, \u00f6rd\u00fc\u011f\u00fcn duvarlar kadar g\u00fc\u00e7l\u00fc de\u011filsindir bu Hayatta&#8230;&#8230;..<br \/>\nSevgin kadar g\u00fc\u00e7l\u00fcs\u00fcnd\u00fcr&#8230;&#8230;.<\/p>\n<p style=\"text-align: center;\">Umutlard\u0131r, g\u00fcn\u00fcn\u00fc ayd\u0131nlatan&#8230;..<br \/>\n\u00dcmitlerdir insana bir adim daha attirtan&#8230;.<\/p>\n<p style=\"text-align: center;\"><strong><a href=\"https:\/\/www.eminokten.com.tr\/duvar\/\" target=\"_blank\" rel=\"noopener noreferrer\">okumaya devam et<\/a><\/strong><\/p>\n<p>[\/vc_column_text][\/qode_elements_holder_item][\/qode_elements_holder][qode_elements_holder number_of_columns=&#8221;one_column&#8221;][qode_elements_holder_item advanced_animations=&#8221;no&#8221; item_padding=&#8221;90px 32% 58px&#8221; item_padding_1280_1440=&#8221;90px 23% 108px&#8221; item_padding_1024_1280=&#8221;90px 23% 92px&#8221; item_padding_768_1024=&#8221;90px 15% 71px&#8221; item_padding_600_768=&#8221;90px 6% 45px&#8221; item_padding_480_600=&#8221;90px 7% 30px&#8221; item_padding_480=&#8221;90px 7% 30px&#8221;][vc_column_text]<\/p>\n<h3><a href=\"https:\/\/www.eminokten.com.tr\/yeni-bir-yila-dair\/\" target=\"_blank\" rel=\"noopener noreferrer\">YEN\u0130 B\u0130R YIL\u2019A DA\u0130R<\/a><\/h3>\n<p>30 Aralik, saat ak\u015fam 8&#8230;..<\/p>\n<p>I\u015f cevresinden, bir kac arkadasimla taksimde ismi lazim olmayan bir restauranttayiz&#8230;.<\/p>\n<p>Toplam on be\u015f kisi kadar variz yokuz&#8230;.<\/p>\n<p>Herkes yeni Yila girmeden, bir arada olmak icin toplanmi\u015fiz&#8230;.<\/p>\n<p>En azindan ben \u00f6yle saniyordum&#8230;.<\/p>\n<p style=\"text-align: center;\"><strong><a href=\"https:\/\/www.eminokten.com.tr\/yeni-bir-yila-dair\/\" target=\"_blank\" rel=\"noopener noreferrer\">okumaya devam et<\/a><\/strong><\/p>\n<p>[\/vc_column_text][\/qode_elements_holder_item][\/qode_elements_holder][qode_elements_holder number_of_columns=&#8221;one_column&#8221;][qode_elements_holder_item advanced_animations=&#8221;no&#8221; item_padding=&#8221;3px 0px 55px&#8221; item_padding_1280_1440=&#8221;0px 0px 120px&#8221; item_padding_1024_1280=&#8221;0px 0px 60px&#8221; item_padding_768_1024=&#8221;0px 0px 40px&#8221; item_padding_600_768=&#8221;0px 0px 80px&#8221; item_padding_480_600=&#8221;13px 0px 80px&#8221; item_padding_480=&#8221;13px 0px 80px&#8221;]<div class=\"qode_vertical_separator\" style=\"height: 62px;width: 2px;background-color: #392e2d\">\n<\/div>[\/qode_elements_holder_item][\/qode_elements_holder][\/vc_column][vc_column][\/vc_column][\/vc_row][vc_row css_animation=&#8221;&#8221; row_type=&#8221;row&#8221; use_row_as_full_screen_section=&#8221;no&#8221; type=&#8221;full_width&#8221; angled_section=&#8221;no&#8221; text_align=&#8221;left&#8221; background_image_as_pattern=&#8221;without_pattern&#8221; css=&#8221;.vc_custom_1597527337343{margin-top: -22px !important;background-color: #2f2a2d !important;}&#8221; z_index=&#8221;&#8221;][vc_column][qode_elements_holder number_of_columns=&#8221;one_column&#8221;][qode_elements_holder_item advanced_animations=&#8221;no&#8221; item_padding=&#8221;50px 7% 20px&#8221;][qode_clients columns=&#8221;five_columns&#8221; hover_effect=&#8221;switch_img&#8221; switch_effect=&#8221;switch_fade&#8221; disable_separators=&#8221;yes&#8221;][qode_client link_target=&#8221;_self&#8221; image=&#8221;569&#8243; hover_image=&#8221;570&#8243; link=&#8221;http:\/\/www.oktengroup.net&#8221;][qode_client link_target=&#8221;_self&#8221; image=&#8221;566&#8243; hover_image=&#8221;567&#8243; link=&#8221;http:\/\/okten.av.tr\/&#8221;][qode_client link_target=&#8221;_self&#8221; image=&#8221;713&#8243; hover_image=&#8221;711&#8243; link=&#8221;http:\/\/www.insara.net\/index.html&#8221;][qode_client link_target=&#8221;_self&#8221; image=&#8221;573&#8243; hover_image=&#8221;572&#8243; link=&#8221;http:\/\/www.teknosafe.net\/&#8221;][qode_client link_target=&#8221;_self&#8221; image=&#8221;932&#8243; hover_image=&#8221;933&#8243; link=&#8221;#&#8221;][\/qode_clients][\/qode_elements_holder_item][\/qode_elements_holder][\/vc_column][\/vc_row]<\/p>\n<\/div>","protected":false},"excerpt":{"rendered":"<p>[vc_row css_animation=&#8221;&#8221; row_type=&#8221;row&#8221; use_row_as_full_screen_section=&#8221;no&#8221; type=&#8221;full_width&#8221; angled_section=&#8221;no&#8221; text_align=&#8221;center&#8221; background_image_as_pattern=&#8221;without_pattern&#8221; css=&#8221;.vc_custom_1596919408727{background-image: url(http:\/\/bridge175.qodeinteractive.com\/wp-content\/uploads\/2018\/03\/team-content-background-img.jpg?id=210) !important;background-position: center !important;background-repeat: no-repeat !important;background-size: cover !important;}&#8221; z_index=&#8221;&#8221;][vc_column][qode_elements_holder number_of_columns=&#8221;one_column&#8221;][qode_elements_holder_item advanced_animations=&#8221;no&#8221; item_padding=&#8221;90px 32% 58px&#8221; item_padding_1280_1440=&#8221;90px 23% 108px&#8221; item_padding_1024_1280=&#8221;90px 23% 92px&#8221; item_padding_768_1024=&#8221;90px 15% 71px&#8221; item_padding_600_768=&#8221;90px 6% 45px&#8221; item_padding_480_600=&#8221;90px 7% 30px&#8221; item_padding_480=&#8221;90px 7% 30px&#8221;][vc_column_text] O\u011eLUNDAN BABAYA MEKTUP BABA!&#8230;<\/p>\n","protected":false},"author":1,"featured_media":0,"parent":0,"menu_order":0,"comment_status":"closed","ping_status":"closed","template":"full_width.php","meta":{"footnotes":""},"class_list":["post-738","page","type-page","status-publish","hentry"],"_links":{"self":[{"href":"https:\/\/www.eminokten.com.tr\/en\/wp-json\/wp\/v2\/pages\/738","targetHints":{"allow":["GET"]}}],"collection":[{"href":"https:\/\/www.eminokten.com.tr\/en\/wp-json\/wp\/v2\/pages"}],"about":[{"href":"https:\/\/www.eminokten.com.tr\/en\/wp-json\/wp\/v2\/types\/page"}],"author":[{"embeddable":true,"href":"https:\/\/www.eminokten.com.tr\/en\/wp-json\/wp\/v2\/users\/1"}],"replies":[{"embeddable":true,"href":"https:\/\/www.eminokten.com.tr\/en\/wp-json\/wp\/v2\/comments?post=738"}],"version-history":[{"count":0,"href":"https:\/\/www.eminokten.com.tr\/en\/wp-json\/wp\/v2\/pages\/738\/revisions"}],"wp:attachment":[{"href":"https:\/\/www.eminokten.com.tr\/en\/wp-json\/wp\/v2\/media?parent=738"}],"curies":[{"name":"wp","href":"https:\/\/api.w.org\/{rel}","templated":true}]}}