{"id":969,"date":"2020-08-16T02:07:11","date_gmt":"2020-08-15T23:07:11","guid":{"rendered":"http:\/\/eminokten.com.tr\/?page_id=969"},"modified":"2020-08-16T02:18:04","modified_gmt":"2020-08-15T23:18:04","slug":"duvar","status":"publish","type":"page","link":"https:\/\/www.eminokten.com.tr\/en\/duvar\/","title":{"rendered":"Duvar"},"content":{"rendered":"\n<pre class=\"wp-block-verse has-text-align-center\">Ya\u015fama, \u00f6rd\u00fc\u011f\u00fcn duvarlar kadar g\u00fc\u00e7l\u00fc de\u011filsindir bu Hayatta........\nSevgin kadar g\u00fc\u00e7l\u00fcs\u00fcnd\u00fcr.......\nUmutlard\u0131r, g\u00fcn\u00fcn\u00fc ayd\u0131nlatan.....\n\u00dcmitlerdir insana bir adim daha attirtan....\nBunlar olmazsa e\u011fer....\nKorkular\u0131 kadar acizdir \u0130nsano\u011flu......\nOzaman Ya\u015famdan ka\u00e7ar....\nYa\u015famaktan ka\u00e7ar....\nSevgiden ka\u00e7ar.....\nSevmekten ve Sevilmekten ka\u00e7ar....\nAsl\u0131-nda kendinden ka\u00e7ar!\n\nEmin \u00d6KTEN.\n14 Haziran 2010 23:49\n\u00a0<\/pre>\n","protected":false},"excerpt":{"rendered":"<p>Ya\u015fama, \u00f6rd\u00fc\u011f\u00fcn duvarlar kadar g\u00fc\u00e7l\u00fc de\u011filsindir bu Hayatta&#8230;&#8230;.. Sevgin kadar g\u00fc\u00e7l\u00fcs\u00fcnd\u00fcr&#8230;&#8230;. Umutlard\u0131r, g\u00fcn\u00fcn\u00fc ayd\u0131nlatan&#8230;.. \u00dcmitlerdir insana bir adim daha attirtan&#8230;. Bunlar olmazsa e\u011fer&#8230;. Korkular\u0131 kadar acizdir \u0130nsano\u011flu&#8230;&#8230; Ozaman Ya\u015famdan ka\u00e7ar&#8230;. Ya\u015famaktan ka\u00e7ar&#8230;. Sevgiden ka\u00e7ar&#8230;.. Sevmekten ve Sevilmekten ka\u00e7ar&#8230;. Asl\u0131-nda kendinden ka\u00e7ar! Emin \u00d6KTEN. 14 Haziran&#8230;<\/p>\n","protected":false},"author":1,"featured_media":0,"parent":0,"menu_order":0,"comment_status":"closed","ping_status":"closed","template":"","meta":{"footnotes":""},"class_list":["post-969","page","type-page","status-publish","hentry"],"_links":{"self":[{"href":"https:\/\/www.eminokten.com.tr\/en\/wp-json\/wp\/v2\/pages\/969","targetHints":{"allow":["GET"]}}],"collection":[{"href":"https:\/\/www.eminokten.com.tr\/en\/wp-json\/wp\/v2\/pages"}],"about":[{"href":"https:\/\/www.eminokten.com.tr\/en\/wp-json\/wp\/v2\/types\/page"}],"author":[{"embeddable":true,"href":"https:\/\/www.eminokten.com.tr\/en\/wp-json\/wp\/v2\/users\/1"}],"replies":[{"embeddable":true,"href":"https:\/\/www.eminokten.com.tr\/en\/wp-json\/wp\/v2\/comments?post=969"}],"version-history":[{"count":0,"href":"https:\/\/www.eminokten.com.tr\/en\/wp-json\/wp\/v2\/pages\/969\/revisions"}],"wp:attachment":[{"href":"https:\/\/www.eminokten.com.tr\/en\/wp-json\/wp\/v2\/media?parent=969"}],"curies":[{"name":"wp","href":"https:\/\/api.w.org\/{rel}","templated":true}]}}