{"id":978,"date":"2020-08-16T02:21:19","date_gmt":"2020-08-15T23:21:19","guid":{"rendered":"http:\/\/eminokten.com.tr\/?page_id=978"},"modified":"2025-08-06T14:00:09","modified_gmt":"2025-08-06T11:00:09","slug":"bu-koca-sehirde-yagmurlu-bir-gece","status":"publish","type":"page","link":"https:\/\/www.eminokten.com.tr\/en\/bu-koca-sehirde-yagmurlu-bir-gece\/","title":{"rendered":"BU KOCA \u015eEH\u0130RDE YA\u011eMURLU B\u0130R GECE"},"content":{"rendered":"\r\n<pre class=\"wp-block-verse has-text-align-center\">Evimde yatagimda uzaniyordum.....\r\nCam acik, tv seyrediyordum...\r\nSoguk bir esinti girdi iceri....\r\nDestursuz.... Teredd\u00fczs\u00fcz...\r\nBen, \u00e7ik disari bile diyemeden....\r\nEsintinin arkasindan, aydinlandi etraf... T\u00fcm ciplakligiyla....\r\nBu koca \u015eehir \u00fcst\u00fcn\u00fc bile \u00f6rtemeden....\r\n\r\nArkasindan damlalar vurdu cama....\r\nAlicaklinin kapiyi \u00e7ali\u015fi gibi....\r\nSonra koy verdi kendini....\r\nBardaktan bo\u015falircasina....\r\n\r\nHey Istanbul...\r\nEskiden, her k\u00f6\u015fen benim icin bir heyecan....\r\nHer k\u00f6\u015fen benim icin yeni bir esrardi.....\r\nYa\u015famak isterdim, her g\u00fcn\u00fcn\u00fc doya doya..... F\u00fcturuzca.......\r\n\r\nAh Istanbul Ah....\r\nEskiden, Senden kopmak istemeyen ben....\r\nArtik Sensiz olmak istiyor.....\r\nBu Yalan \u015eehire... Sirtini d\u00f6n\u00fcp gitmek istiyor....\r\nAma ne \u00e7are!....\r\n\r\nK\u00f6k vermi\u015fim sana.....\r\nAli\u015fmi\u015fim, kopamiyorum......\r\nYalniz kaldigimda, ba\u015fimi dayayacak bir omuz...\r\nKimi zamanda, en sadik en m\u00fcstehcen sevgilimmi\u015fsin benim!\r\n\r\nSadece benimmi? asla!\r\nHerkese veren...\r\nHerkesi doyuran....\r\nHerkesi ac birakanmissin me\u011fer.....\r\n\r\nAh Istanbul Ah...\r\nNe c\u00f6mert \u015feytansin sen!\r\nKimilerinin, umutlarini yok ettin bir hi\u00e7 ugruna.....\r\nKimilerinin, Ailelerini da\u011fittin....\r\nBir anlik zevkler ugruna....\r\nKimileri verecek bir\u015feyleri kalmadiklarinda, onurlarini \u015fereflerini biraktilar da kalktilar o masalardan.....\r\nBunlar, \u00fcst\u00fcm\u00fcze \u00f6rt\u00fc olsun diye \u00f6rt\u00fclen gecelerde oldu....\r\n\r\nO geceler, o karanlikta, bilinmez zannedildiki, ne b\u00fcy\u00fck yanilgi!\r\nHepsi i\u015faretlendi, o Ahlaksiz gecelerde.....\r\n\r\nAh Istanbul Ah!, senki ne c\u00f6mert \u015feytansin!\r\nKac tane evsizi ezdin gectin...\r\nkac tane evliyi de evsiz ettin...\r\nKac taze abtesli bedenleri ise c\u00fcn\u00fcp ettin....\r\nTaze zihinlere camur buladin...\r\nS\u00f6yle! S\u00f6ylede duyunca utanirsin belki....\r\n\r\nEn Edepsiz en agir g\u00fcnahlarini gecelerde...\r\nKaranligi \u00fcst\u00fcne kilif alarak yaptin...\r\nKirli cemalin g\u00f6z\u00fckmesinde...\r\nKorkmasinlar diye....\r\n\r\nS\u00f6yle, s\u00f6yle kac tane ihanet ya\u015fattin bu melun mazlumlara...\r\nKac tane Ruhu sattirdin gecelerde yalanlarinla....\r\n\r\nPeki sorarim sana kac ki\u015fi, seni dinlemedi?\r\nKahkaha ile az... Cok azmi dedin?\r\nTabi ki sen ne c\u00f6mert \u015feytansin!\r\n\r\nD\u00fcs\u00fcn\u00fcyorum, bu ya\u011fan ya\u011fmurlar,\r\nY\u00fcregi yanan analarin g\u00f6z ya\u015flarimi?\r\nYoksa, ihanete ugrayan ruhlarinmi?\r\nBelki bir umut bendekide, yagan bu ya\u011fmurlar, y\u00fczdeki boyalari akitirda...\r\nGer\u00e7ek y\u00fcz\u00fcn\u00fc g\u00f6r\u00fcr\u00fcz bu koca \u015fehrin....\r\nYa\u011fmurdan sonraki g\u00f6kku\u015fagi misali.....\r\nBir umut bendekide....\r\nAcimasiz \u015feytana kar\u015fi....\r\nSavundugum tek kalem belkide...\r\n\r\n(ve sordum Bu koca \u015fehire....\r\nNeden diye?\r\nOda dediki...\r\nNe neden? Ben g\u00f6sterdim onlara... Iyiyide... K\u00f6t\u00fcy\u00fcde..\r\nBakin dedim...\r\nG\u00f6r\u00fcn dedim..... Tadanlar burda...\r\nTatmayanlar burda.....\r\nBunlar aldiklari dedim....bunlarda verdikleri....\r\nben bir\u015fey yapmadim.....\r\nOnlar g\u00f6re g\u00f6re sectiler dedi...\r\nAyni \u015feytan misali.....)\r\n\r\nYa\u011fan ya\u011fmurlarin....\r\nAkan her damlanin.....\r\nBizi temizlemesi....\r\nBizi arindirmasi.....\r\nHer olu\u015fan g\u00f6k ku\u015faginin ise...\r\nBizlere umut olmasi dilegiyle.....\r\nSevgilerimle...\r\nEmin \u00d6KTEN.\r\n05 Aral\u0131k 2010 05:44\r\n\u00a0<\/pre>\r\n","protected":false},"excerpt":{"rendered":"<p>Evimde yatagimda uzaniyordum&#8230;.. Cam acik, tv seyrediyordum&#8230; Soguk bir esinti girdi iceri&#8230;. Destursuz&#8230;. Teredd\u00fczs\u00fcz&#8230; Ben, \u00e7ik disari bile diyemeden&#8230;. Esintinin arkasindan, aydinlandi etraf&#8230; T\u00fcm ciplakligiyla&#8230;. Bu koca \u015eehir \u00fcst\u00fcn\u00fc bile \u00f6rtemeden&#8230;. Arkasindan damlalar vurdu cama&#8230;. Alicaklinin kapiyi \u00e7ali\u015fi gibi&#8230;. Sonra koy verdi kendini&#8230;. Bardaktan bo\u015falircasina&#8230;&#8230;.<\/p>\n","protected":false},"author":1,"featured_media":0,"parent":0,"menu_order":0,"comment_status":"closed","ping_status":"closed","template":"","meta":{"footnotes":""},"class_list":["post-978","page","type-page","status-publish","hentry"],"_links":{"self":[{"href":"https:\/\/www.eminokten.com.tr\/en\/wp-json\/wp\/v2\/pages\/978","targetHints":{"allow":["GET"]}}],"collection":[{"href":"https:\/\/www.eminokten.com.tr\/en\/wp-json\/wp\/v2\/pages"}],"about":[{"href":"https:\/\/www.eminokten.com.tr\/en\/wp-json\/wp\/v2\/types\/page"}],"author":[{"embeddable":true,"href":"https:\/\/www.eminokten.com.tr\/en\/wp-json\/wp\/v2\/users\/1"}],"replies":[{"embeddable":true,"href":"https:\/\/www.eminokten.com.tr\/en\/wp-json\/wp\/v2\/comments?post=978"}],"version-history":[{"count":0,"href":"https:\/\/www.eminokten.com.tr\/en\/wp-json\/wp\/v2\/pages\/978\/revisions"}],"wp:attachment":[{"href":"https:\/\/www.eminokten.com.tr\/en\/wp-json\/wp\/v2\/media?parent=978"}],"curies":[{"name":"wp","href":"https:\/\/api.w.org\/{rel}","templated":true}]}}